{"id":412351,"date":"2026-05-12T07:09:05","date_gmt":"2026-05-12T04:09:05","guid":{"rendered":"https:\/\/ventspils.citro.lv\/veikals\/cipsi-naturals-juras-sals-un-pipari-100g\/"},"modified":"2026-05-12T07:09:16","modified_gmt":"2026-05-12T04:09:16","slug":"cipsi-naturals-juras-sals-un-pipari-100g","status":"publish","type":"product","link":"https:\/\/ventspils.citro.lv\/ru\/veikals\/cipsi-naturals-juras-sals-un-pipari-100g\/","title":{"rendered":"\u010cipsi Naturals j\u016bras s\u0101ls un pipari 100g"},"content":{"rendered":"","protected":false},"excerpt":{"rendered":"<p>19.90 \u20ac\/kg<\/p>\n","protected":false},"featured_media":1259590,"template":"","meta":{"_acf_changed":false,"inline_featured_image":false},"product_cat":[125,191],"product_tag":[],"acf":[],"aioseo_notices":[],"_links":{"self":[{"href":"https:\/\/ventspils.citro.lv\/ru\/wp-json\/wp\/v2\/product\/412351"}],"collection":[{"href":"https:\/\/ventspils.citro.lv\/ru\/wp-json\/wp\/v2\/product"}],"about":[{"href":"https:\/\/ventspils.citro.lv\/ru\/wp-json\/wp\/v2\/types\/product"}],"wp:featuredmedia":[{"embeddable":true,"href":"https:\/\/ventspils.citro.lv\/ru\/wp-json\/wp\/v2\/media\/1259590"}],"wp:attachment":[{"href":"https:\/\/ventspils.citro.lv\/ru\/wp-json\/wp\/v2\/media?parent=412351"}],"wp:term":[{"taxonomy":"product_cat","embeddable":true,"href":"https:\/\/ventspils.citro.lv\/ru\/wp-json\/wp\/v2\/product_cat?post=412351"},{"taxonomy":"product_tag","embeddable":true,"href":"https:\/\/ventspils.citro.lv\/ru\/wp-json\/wp\/v2\/product_tag?post=412351"}],"curies":[{"name":"wp","href":"https:\/\/api.w.org\/{rel}","templated":true}]}}