{"id":412349,"date":"2026-04-10T08:00:59","date_gmt":"2026-04-10T05:00:59","guid":{"rendered":"https:\/\/ventspils.citro.lv\/veikals\/cipsi-naturals-classic-ar-juras-sali-100g\/"},"modified":"2026-04-10T08:01:10","modified_gmt":"2026-04-10T05:01:10","slug":"cipsi-naturals-classic-ar-juras-sali-100g","status":"publish","type":"product","link":"https:\/\/ventspils.citro.lv\/ru\/veikals\/cipsi-naturals-classic-ar-juras-sali-100g\/","title":{"rendered":"\u010cipsi Naturals classic ar j\u016bras s\u0101li 100g"},"content":{"rendered":"","protected":false},"excerpt":{"rendered":"<p>19.90 \u20ac\/kg<\/p>\n","protected":false},"featured_media":1243799,"template":"","meta":{"_acf_changed":false,"inline_featured_image":false},"product_cat":[125,191],"product_tag":[],"acf":[],"aioseo_notices":[],"_links":{"self":[{"href":"https:\/\/ventspils.citro.lv\/ru\/wp-json\/wp\/v2\/product\/412349"}],"collection":[{"href":"https:\/\/ventspils.citro.lv\/ru\/wp-json\/wp\/v2\/product"}],"about":[{"href":"https:\/\/ventspils.citro.lv\/ru\/wp-json\/wp\/v2\/types\/product"}],"wp:featuredmedia":[{"embeddable":true,"href":"https:\/\/ventspils.citro.lv\/ru\/wp-json\/wp\/v2\/media\/1243799"}],"wp:attachment":[{"href":"https:\/\/ventspils.citro.lv\/ru\/wp-json\/wp\/v2\/media?parent=412349"}],"wp:term":[{"taxonomy":"product_cat","embeddable":true,"href":"https:\/\/ventspils.citro.lv\/ru\/wp-json\/wp\/v2\/product_cat?post=412349"},{"taxonomy":"product_tag","embeddable":true,"href":"https:\/\/ventspils.citro.lv\/ru\/wp-json\/wp\/v2\/product_tag?post=412349"}],"curies":[{"name":"wp","href":"https:\/\/api.w.org\/{rel}","templated":true}]}}