{"id":412104,"date":"2026-04-16T02:27:50","date_gmt":"2026-04-15T23:27:50","guid":{"rendered":"https:\/\/ventspils.citro.lv\/veikals\/biezpiens-krems-alma-ar-krembrule-garsu-150g\/"},"modified":"2026-04-16T02:28:01","modified_gmt":"2026-04-15T23:28:01","slug":"krems-biezpiena-ar-kembrule-garsu-alma-6-150g","status":"publish","type":"product","link":"https:\/\/ventspils.citro.lv\/ru\/veikals\/krems-biezpiena-ar-kembrule-garsu-alma-6-150g\/","title":{"rendered":"Kr\u0113ms biezpiena ar k\u0113mbrul\u0113 gar\u0161u Alma 6% 150g"},"content":{"rendered":"","protected":false},"excerpt":{"rendered":"<p>6.33 \u20ac\/kg<\/p>\n","protected":false},"featured_media":1246371,"template":"","meta":{"_acf_changed":false,"inline_featured_image":false},"product_cat":[95,188],"product_tag":[],"acf":[],"aioseo_notices":[],"_links":{"self":[{"href":"https:\/\/ventspils.citro.lv\/ru\/wp-json\/wp\/v2\/product\/412104"}],"collection":[{"href":"https:\/\/ventspils.citro.lv\/ru\/wp-json\/wp\/v2\/product"}],"about":[{"href":"https:\/\/ventspils.citro.lv\/ru\/wp-json\/wp\/v2\/types\/product"}],"wp:featuredmedia":[{"embeddable":true,"href":"https:\/\/ventspils.citro.lv\/ru\/wp-json\/wp\/v2\/media\/1246371"}],"wp:attachment":[{"href":"https:\/\/ventspils.citro.lv\/ru\/wp-json\/wp\/v2\/media?parent=412104"}],"wp:term":[{"taxonomy":"product_cat","embeddable":true,"href":"https:\/\/ventspils.citro.lv\/ru\/wp-json\/wp\/v2\/product_cat?post=412104"},{"taxonomy":"product_tag","embeddable":true,"href":"https:\/\/ventspils.citro.lv\/ru\/wp-json\/wp\/v2\/product_tag?post=412104"}],"curies":[{"name":"wp","href":"https:\/\/api.w.org\/{rel}","templated":true}]}}