{"id":411945,"date":"2026-04-24T04:49:44","date_gmt":"2026-04-24T01:49:44","guid":{"rendered":"https:\/\/ventspils.citro.lv\/veikals\/cukgala-marinetak-k-saimnieka-labumi\/"},"modified":"2026-04-24T04:49:54","modified_gmt":"2026-04-24T01:49:54","slug":"cukgala-marinetak-k-saimnieka-labumi","status":"publish","type":"product","link":"https:\/\/ventspils.citro.lv\/ru\/veikals\/cukgala-marinetak-k-saimnieka-labumi\/","title":{"rendered":"C\u016bkga\u013ca marin\u0113ta,k\/k Saimnieka Labumi"},"content":{"rendered":"<p>Sast\u0101vda\u013cas: c\u016bkga\u013cas kakla karbon\u0101de 87%, eti\u0137a marin\u0101de (\u016bdens, konservants, eti\u0137sk\u0101be, malti melnie pipari, maltas kadi\u0137ogas), \u016bdens, s\u0101ls, stabiliz\u0113t\u0101ji E407a, E450, sk\u0101buma regul\u0113t\u0101ji: E451, E331, E262, E330, dz\u012bvnieku olbaltumvielas, SOJAS olbaltumvielu izol\u0101ts, KVIE\u0160U \u0161\u0137iedrvielas, dekstroze, gar\u0161as un arom\u0101ta pastiprin\u0101t\u0101ji: E621, E635, antioksidanti: E316, E301, E300, biezin\u0101t\u0101js E415, gar\u0161vielas arom\u0101tvielas, d\u016bmu arom\u0101tvielas, hemoglob\u012bns, konservants E250. Ga\u013cas izejvielas izcelsme ES. Ener\u0123\u0113tisk\u0101 un uzturv\u0113rt\u012bba: 100g produkta satur: 811kJ\/195kcal, tauki 13,26g, tostarp pies\u0101tin\u0101t\u0101s tauksk\u0101bes 5,01g, og\u013chidr\u0101ti 0,88g, tostarp cukuri 0,16g, olbaltumvielas 17,97g, s\u0101ls 2,2g. P\u0113c iepakojuma atv\u0113r\u0161anas izlietot 72 stundu laik\u0101.Uzglab\u0101\u0161anas temperat\u016bra: +2&#8230;+6C.<\/p>\n","protected":false},"excerpt":{"rendered":"<p>8.79 \u20ac\/kg<\/p>\n","protected":false},"featured_media":1251615,"template":"","meta":{"_acf_changed":false,"inline_featured_image":false},"product_cat":[135,174],"product_tag":[],"acf":[],"aioseo_notices":[],"_links":{"self":[{"href":"https:\/\/ventspils.citro.lv\/ru\/wp-json\/wp\/v2\/product\/411945"}],"collection":[{"href":"https:\/\/ventspils.citro.lv\/ru\/wp-json\/wp\/v2\/product"}],"about":[{"href":"https:\/\/ventspils.citro.lv\/ru\/wp-json\/wp\/v2\/types\/product"}],"wp:featuredmedia":[{"embeddable":true,"href":"https:\/\/ventspils.citro.lv\/ru\/wp-json\/wp\/v2\/media\/1251615"}],"wp:attachment":[{"href":"https:\/\/ventspils.citro.lv\/ru\/wp-json\/wp\/v2\/media?parent=411945"}],"wp:term":[{"taxonomy":"product_cat","embeddable":true,"href":"https:\/\/ventspils.citro.lv\/ru\/wp-json\/wp\/v2\/product_cat?post=411945"},{"taxonomy":"product_tag","embeddable":true,"href":"https:\/\/ventspils.citro.lv\/ru\/wp-json\/wp\/v2\/product_tag?post=411945"}],"curies":[{"name":"wp","href":"https:\/\/api.w.org\/{rel}","templated":true}]}}