{"id":411861,"date":"2026-04-28T01:51:32","date_gmt":"2026-04-27T22:51:32","guid":{"rendered":"https:\/\/ventspils.citro.lv\/veikals\/kucina-vecriga\/"},"modified":"2026-04-28T01:51:43","modified_gmt":"2026-04-27T22:51:43","slug":"kucina-vecriga","status":"publish","type":"product","link":"https:\/\/ventspils.citro.lv\/ru\/veikals\/kucina-vecriga\/","title":{"rendered":"K\u016bci\u0146a Vecr\u012bga"},"content":{"rendered":"<p>Sast\u0101vda\u013cas: m\u012bkla (OLAS, KVIE\u0160U milti, \u016bdens, margar\u012bns (augu tauki (palmu, kokosa), rap\u0161u e\u013c\u013ca, emulgators: E471, sk\u0101buma regul\u0113t\u0101js: E330, dab\u012bgs aromatiz\u0113t\u0101js, p\u0101rtikas kr\u0101sviela:  E160a), s\u0101ls), BIEZPIENS, \u016bdens, kr\u0113ma pulveris (cietin\u0101ti palmu tauki, cukurs, emulgatori E472a, E322; PIENA olbaltumvielas, glikozes s\u012brups, S\u016aKALU pulveris, aromatiz\u0113t\u0101js vanil\u012bns, p\u0101rtikas kr\u0101sviela E160a), cukurs, p\u016bdercukurs (glikoze, KVIE\u0160U ciete, augu tauki (palmu (RSPO SG)), pretsalipes vielas: E470b, E341). 100 g produkta  satur:  ener\u0123\u0113tisk\u0101 v\u0113rt\u012bba 1078KJ\/257kcal,  tauki 13 g, tostarp pies\u0101tin\u0101t\u0101s tauksk\u0101bes 8,7 g, og\u013chidr\u0101ti 26,7g, tostarp cukurs 15,7g, \u0161\u0137iedrvielas 0,7 g, olbaltumvielas 6,8 g, s\u0101ls 0,5g. Uzglab\u0101\u0161anas temperat\u016bra: +2&#8230;+6 C. Izlietot l\u012bdz: nor\u0101d\u012bts uz iepakojuma. Ra\u017eot\u0101js: SIA Di\u0101na Bistro, Andreja iela 5, Ventspils.<\/p>\n","protected":false},"excerpt":{"rendered":"<p>0.79 \u20ac\/gb<\/p>\n","protected":false},"featured_media":1253926,"template":"","meta":{"_acf_changed":false,"inline_featured_image":false},"product_cat":[235,109],"product_tag":[],"acf":[],"aioseo_notices":[],"_links":{"self":[{"href":"https:\/\/ventspils.citro.lv\/ru\/wp-json\/wp\/v2\/product\/411861"}],"collection":[{"href":"https:\/\/ventspils.citro.lv\/ru\/wp-json\/wp\/v2\/product"}],"about":[{"href":"https:\/\/ventspils.citro.lv\/ru\/wp-json\/wp\/v2\/types\/product"}],"wp:featuredmedia":[{"embeddable":true,"href":"https:\/\/ventspils.citro.lv\/ru\/wp-json\/wp\/v2\/media\/1253926"}],"wp:attachment":[{"href":"https:\/\/ventspils.citro.lv\/ru\/wp-json\/wp\/v2\/media?parent=411861"}],"wp:term":[{"taxonomy":"product_cat","embeddable":true,"href":"https:\/\/ventspils.citro.lv\/ru\/wp-json\/wp\/v2\/product_cat?post=411861"},{"taxonomy":"product_tag","embeddable":true,"href":"https:\/\/ventspils.citro.lv\/ru\/wp-json\/wp\/v2\/product_tag?post=411861"}],"curies":[{"name":"wp","href":"https:\/\/api.w.org\/{rel}","templated":true}]}}