{"id":406762,"date":"2026-03-20T02:36:38","date_gmt":"2026-03-20T00:36:38","guid":{"rendered":"https:\/\/ventspils.citro.lv\/veikals\/smilsu-mikla-citro-500g\/"},"modified":"2026-03-20T02:36:43","modified_gmt":"2026-03-20T00:36:43","slug":"smilsu-mikla-citro-500g","status":"publish","type":"product","link":"https:\/\/ventspils.citro.lv\/ru\/veikals\/smilsu-mikla-citro-500g\/","title":{"rendered":"Smil\u0161u m\u012bkla Citro 500g"},"content":{"rendered":"<p>Sast\u0101vda\u013cas: KVIE\u0160U milti, margar\u012bns (augu tauki (palmu, kokosa), rap\u0161u e\u013c\u013ca, emulgators: E471, sk\u0101buma regul\u0113t\u0101js: E330, dab\u012bgs aromatiz\u0113t\u0101js, p\u0101rtikas kr\u0101sviela:  E160a), cukurs, OLAS, cepamais pulveris (irdin\u0101t\u0101ji: din\u0101trija difosf\u0101ts E450i, n\u0101trija karbon\u0101ts E500), p\u0101rtikas s\u0101ls. 100 g produkta satur:  ener\u0123. v\u0113rt. 1807KJ\/432kcal,  tauki 23g, tostarp pies\u0101tin\u0101t\u0101s tauksk\u0101bes 7g, og\u013chidr\u0101ti 48g, tostarp cukurs 14g, \u0161\u0137iedrvielas 2,2g, olbaltumvielas 8g, s\u0101ls 0,5g. Uzglab.temp.: +2&#8230;+6 C. Izlietot l\u012bdz: nor\u0101d\u012bts uz iepakojuma. Ra\u017eot\u0101js: SIA Di\u0101na Bistro, Andreja iela 5, Ventspils.<\/p>\n","protected":false},"excerpt":{"rendered":"<p>5.18 \u20ac\/kg<\/p>\n","protected":false},"featured_media":1229637,"template":"","meta":{"_acf_changed":false,"inline_featured_image":false},"product_cat":[531,113],"product_tag":[],"acf":[],"aioseo_notices":[],"_links":{"self":[{"href":"https:\/\/ventspils.citro.lv\/ru\/wp-json\/wp\/v2\/product\/406762"}],"collection":[{"href":"https:\/\/ventspils.citro.lv\/ru\/wp-json\/wp\/v2\/product"}],"about":[{"href":"https:\/\/ventspils.citro.lv\/ru\/wp-json\/wp\/v2\/types\/product"}],"wp:featuredmedia":[{"embeddable":true,"href":"https:\/\/ventspils.citro.lv\/ru\/wp-json\/wp\/v2\/media\/1229637"}],"wp:attachment":[{"href":"https:\/\/ventspils.citro.lv\/ru\/wp-json\/wp\/v2\/media?parent=406762"}],"wp:term":[{"taxonomy":"product_cat","embeddable":true,"href":"https:\/\/ventspils.citro.lv\/ru\/wp-json\/wp\/v2\/product_cat?post=406762"},{"taxonomy":"product_tag","embeddable":true,"href":"https:\/\/ventspils.citro.lv\/ru\/wp-json\/wp\/v2\/product_tag?post=406762"}],"curies":[{"name":"wp","href":"https:\/\/api.w.org\/{rel}","templated":true}]}}