{"id":403189,"date":"2026-04-16T03:00:48","date_gmt":"2026-04-16T00:00:48","guid":{"rendered":"https:\/\/ventspils.citro.lv\/veikals\/skinkis-cukgalas-kupinats-skeles-nakotne-100g\/"},"modified":"2026-05-07T11:34:30","modified_gmt":"2026-05-07T08:34:30","slug":"skinkis-cukgalas-kupinats-skeles-nakotne-100g","status":"publish","type":"product","link":"https:\/\/ventspils.citro.lv\/ru\/veikals\/skinkis-cukgalas-kupinats-skeles-nakotne-100g\/","title":{"rendered":"\u0160\u0137i\u0146\u0137is c\u016bkga\u013cas k\u016bpin\u0101ts \u0161\u0137\u0113l\u0113s N\u0101kotne 100g"},"content":{"rendered":"","protected":false},"excerpt":{"rendered":"<p>15.50 \u20ac\/kg<\/p>\n","protected":false},"featured_media":1246515,"template":"","meta":{"_acf_changed":false,"inline_featured_image":false},"product_cat":[135,174],"product_tag":[],"acf":[],"aioseo_notices":[],"_links":{"self":[{"href":"https:\/\/ventspils.citro.lv\/ru\/wp-json\/wp\/v2\/product\/403189"}],"collection":[{"href":"https:\/\/ventspils.citro.lv\/ru\/wp-json\/wp\/v2\/product"}],"about":[{"href":"https:\/\/ventspils.citro.lv\/ru\/wp-json\/wp\/v2\/types\/product"}],"wp:featuredmedia":[{"embeddable":true,"href":"https:\/\/ventspils.citro.lv\/ru\/wp-json\/wp\/v2\/media\/1246515"}],"wp:attachment":[{"href":"https:\/\/ventspils.citro.lv\/ru\/wp-json\/wp\/v2\/media?parent=403189"}],"wp:term":[{"taxonomy":"product_cat","embeddable":true,"href":"https:\/\/ventspils.citro.lv\/ru\/wp-json\/wp\/v2\/product_cat?post=403189"},{"taxonomy":"product_tag","embeddable":true,"href":"https:\/\/ventspils.citro.lv\/ru\/wp-json\/wp\/v2\/product_tag?post=403189"}],"curies":[{"name":"wp","href":"https:\/\/api.w.org\/{rel}","templated":true}]}}