{"id":403179,"date":"2026-03-18T04:39:48","date_gmt":"2026-03-18T02:39:48","guid":{"rendered":"https:\/\/ventspils.citro.lv\/veikals\/sausini-flint-krejums-zalumi-110g\/"},"modified":"2026-03-18T04:39:53","modified_gmt":"2026-03-18T02:39:53","slug":"sausini-flint-krejums-zalumi-110g","status":"publish","type":"product","link":"https:\/\/ventspils.citro.lv\/ru\/veikals\/sausini-flint-krejums-zalumi-110g\/","title":{"rendered":"Sausi\u0146i Flint kr\u0113jums za\u013cumi 110g"},"content":{"rendered":"","protected":false},"excerpt":{"rendered":"<p>8.64 \u20ac\/kg<\/p>\n","protected":false},"featured_media":1228438,"template":"","meta":{"_acf_changed":false,"inline_featured_image":false},"product_cat":[215,218],"product_tag":[],"acf":[],"aioseo_notices":[],"_links":{"self":[{"href":"https:\/\/ventspils.citro.lv\/ru\/wp-json\/wp\/v2\/product\/403179"}],"collection":[{"href":"https:\/\/ventspils.citro.lv\/ru\/wp-json\/wp\/v2\/product"}],"about":[{"href":"https:\/\/ventspils.citro.lv\/ru\/wp-json\/wp\/v2\/types\/product"}],"wp:featuredmedia":[{"embeddable":true,"href":"https:\/\/ventspils.citro.lv\/ru\/wp-json\/wp\/v2\/media\/1228438"}],"wp:attachment":[{"href":"https:\/\/ventspils.citro.lv\/ru\/wp-json\/wp\/v2\/media?parent=403179"}],"wp:term":[{"taxonomy":"product_cat","embeddable":true,"href":"https:\/\/ventspils.citro.lv\/ru\/wp-json\/wp\/v2\/product_cat?post=403179"},{"taxonomy":"product_tag","embeddable":true,"href":"https:\/\/ventspils.citro.lv\/ru\/wp-json\/wp\/v2\/product_tag?post=403179"}],"curies":[{"name":"wp","href":"https:\/\/api.w.org\/{rel}","templated":true}]}}