{"id":401857,"date":"2026-04-08T05:18:50","date_gmt":"2026-04-08T02:18:50","guid":{"rendered":"https:\/\/ventspils.citro.lv\/veikals\/salati-grauzdinu-ar-vistu-citro-300-g\/"},"modified":"2026-04-08T05:18:54","modified_gmt":"2026-04-08T02:18:54","slug":"salati-grauzdinu-ar-vistu-citro-300-g","status":"publish","type":"product","link":"https:\/\/ventspils.citro.lv\/ru\/veikals\/salati-grauzdinu-ar-vistu-citro-300-g\/","title":{"rendered":"Sal\u0101ti grauzdi\u0146u ar vistu Citro 300 g"},"content":{"rendered":"<p>Sast\u0101vda\u013cas: majon\u0113ze  (rap\u0161u e\u013c\u013ca, \u016bdens, OLU pulveris, V\u0100JPIENA pulveris, cukurs, modific\u0113ta ciete, s\u0101ls, eti\u0137sk\u0101be, piensk\u0101be, biezin\u0101t\u0101ji, k\u0101lija sorb\u0101ts, n\u0101trija benzo\u0101ts, aromatiz\u0113t\u0101js, beta karot\u012bns), vistas fileja, grauzdi\u0146i (RUDZU milti, KVIE\u0160U milti, maizes raugs, cukurs), SIERA izstr\u0101d\u0101jums (pasteriz\u0113ts PIENS, konservants E252, siera ieraugs, renins), tom\u0101ti, marin\u0113ti gur\u0137i (gur\u0137i, v\u012bna eti\u0137is, s\u0101ls, gar\u0161vielas (dilles, s\u012bpoli, SINEPJU s\u0113klas, piparu graudi\u0146i), konservants: E211, dab\u012bgs aromatiz\u0113t\u0101js, saldin\u0101t\u0101js: E954), OLA, gar\u0161viela vistas ga\u013cai (s\u0101ls (53,5%), s\u012bpoli, sald\u0101 paprika, \u0137iploki, karijs (satur kurkumu, SINEPES, koriandru), melnie pipari, gar\u0161as pastiprin\u0101t\u0101js n\u0101trija glutam\u0101ts, cukurs, pretsalipes viela (sil\u012bcija dioks\u012bds)).100g prod. satur:  ener\u0123. v\u0113rt. 1030KJ\/ 249kcal,  tauki 18,7g, tostarp pies\u0101tin\u0101t\u0101s tauksk\u0101bes 2,7g, og\u013chidr\u0101ti 9,8g , tostarp cukurs 1,3g,  \u0161\u0137iedrvielas 1,2g, olbaltumvielas 10,2g, s\u0101ls 1,2g. Uzglab.temp.: +2&#8230;+6 C. Izlietot l\u012bdz: nor\u0101d\u012bts uz iepakojuma. Ra\u017eot\u0101js: SIA Di\u0101na Bistro, Andreja iela 5<\/p>\n","protected":false},"excerpt":{"rendered":"<p>11.97 \u20ac\/kg<\/p>\n","protected":false},"featured_media":1241127,"template":"","meta":{"_acf_changed":false,"inline_featured_image":false},"product_cat":[113,212],"product_tag":[],"acf":[],"aioseo_notices":[],"_links":{"self":[{"href":"https:\/\/ventspils.citro.lv\/ru\/wp-json\/wp\/v2\/product\/401857"}],"collection":[{"href":"https:\/\/ventspils.citro.lv\/ru\/wp-json\/wp\/v2\/product"}],"about":[{"href":"https:\/\/ventspils.citro.lv\/ru\/wp-json\/wp\/v2\/types\/product"}],"wp:featuredmedia":[{"embeddable":true,"href":"https:\/\/ventspils.citro.lv\/ru\/wp-json\/wp\/v2\/media\/1241127"}],"wp:attachment":[{"href":"https:\/\/ventspils.citro.lv\/ru\/wp-json\/wp\/v2\/media?parent=401857"}],"wp:term":[{"taxonomy":"product_cat","embeddable":true,"href":"https:\/\/ventspils.citro.lv\/ru\/wp-json\/wp\/v2\/product_cat?post=401857"},{"taxonomy":"product_tag","embeddable":true,"href":"https:\/\/ventspils.citro.lv\/ru\/wp-json\/wp\/v2\/product_tag?post=401857"}],"curies":[{"name":"wp","href":"https:\/\/api.w.org\/{rel}","templated":true}]}}