{"id":4005,"date":"2026-04-11T00:51:04","date_gmt":"2026-04-10T21:51:04","guid":{"rendered":"https:\/\/eveikals.citro.lv\/ventspils\/veikals\/ananass-gb\/"},"modified":"2026-04-11T00:51:23","modified_gmt":"2026-04-10T21:51:23","slug":"ananass-2sk-1gbkostarika","status":"publish","type":"product","link":"https:\/\/ventspils.citro.lv\/ru\/veikals\/ananass-2sk-1gbkostarika\/","title":{"rendered":"Anan\u0101ss  2\u0161\u0137.1gbKostarika"},"content":{"rendered":"","protected":false},"excerpt":{"rendered":"<p>2.59 \u20ac\/gb<\/p>\n","protected":false},"featured_media":1244425,"template":"","meta":{"_acf_changed":false,"inline_featured_image":false},"product_cat":[97,98],"product_tag":[],"acf":[],"aioseo_notices":[],"_links":{"self":[{"href":"https:\/\/ventspils.citro.lv\/ru\/wp-json\/wp\/v2\/product\/4005"}],"collection":[{"href":"https:\/\/ventspils.citro.lv\/ru\/wp-json\/wp\/v2\/product"}],"about":[{"href":"https:\/\/ventspils.citro.lv\/ru\/wp-json\/wp\/v2\/types\/product"}],"wp:featuredmedia":[{"embeddable":true,"href":"https:\/\/ventspils.citro.lv\/ru\/wp-json\/wp\/v2\/media\/1244425"}],"wp:attachment":[{"href":"https:\/\/ventspils.citro.lv\/ru\/wp-json\/wp\/v2\/media?parent=4005"}],"wp:term":[{"taxonomy":"product_cat","embeddable":true,"href":"https:\/\/ventspils.citro.lv\/ru\/wp-json\/wp\/v2\/product_cat?post=4005"},{"taxonomy":"product_tag","embeddable":true,"href":"https:\/\/ventspils.citro.lv\/ru\/wp-json\/wp\/v2\/product_tag?post=4005"}],"curies":[{"name":"wp","href":"https:\/\/api.w.org\/{rel}","templated":true}]}}