{"id":40028,"date":"2026-04-08T03:12:03","date_gmt":"2026-04-08T00:12:03","guid":{"rendered":"https:\/\/ventspils.citro.lv\/veikals\/vafelu-torte-vaverite-maza-40g\/"},"modified":"2026-04-08T03:12:12","modified_gmt":"2026-04-08T00:12:12","slug":"vafelu-torte-vaverite-maza-40g","status":"publish","type":"product","link":"https:\/\/ventspils.citro.lv\/ru\/veikals\/vafelu-torte-vaverite-maza-40g\/","title":{"rendered":"Vafe\u013cu torte V\u0101ver\u012bte maz\u0101 40g"},"content":{"rendered":"","protected":false},"excerpt":{"rendered":"<p>24.75 \u20ac\/kg<\/p>\n","protected":false},"featured_media":1240514,"template":"","meta":{"_acf_changed":false,"inline_featured_image":false},"product_cat":[125,209],"product_tag":[],"acf":[],"aioseo_notices":[],"_links":{"self":[{"href":"https:\/\/ventspils.citro.lv\/ru\/wp-json\/wp\/v2\/product\/40028"}],"collection":[{"href":"https:\/\/ventspils.citro.lv\/ru\/wp-json\/wp\/v2\/product"}],"about":[{"href":"https:\/\/ventspils.citro.lv\/ru\/wp-json\/wp\/v2\/types\/product"}],"wp:featuredmedia":[{"embeddable":true,"href":"https:\/\/ventspils.citro.lv\/ru\/wp-json\/wp\/v2\/media\/1240514"}],"wp:attachment":[{"href":"https:\/\/ventspils.citro.lv\/ru\/wp-json\/wp\/v2\/media?parent=40028"}],"wp:term":[{"taxonomy":"product_cat","embeddable":true,"href":"https:\/\/ventspils.citro.lv\/ru\/wp-json\/wp\/v2\/product_cat?post=40028"},{"taxonomy":"product_tag","embeddable":true,"href":"https:\/\/ventspils.citro.lv\/ru\/wp-json\/wp\/v2\/product_tag?post=40028"}],"curies":[{"name":"wp","href":"https:\/\/api.w.org\/{rel}","templated":true}]}}