{"id":40023,"date":"2026-04-08T03:01:01","date_gmt":"2026-04-08T00:01:01","guid":{"rendered":"https:\/\/ventspils.citro.lv\/veikals\/drazejas-kokoss-sokolade-70g\/"},"modified":"2026-04-08T03:01:10","modified_gmt":"2026-04-08T00:01:10","slug":"drazejas-skawa-kokoss-sokolade-70g","status":"publish","type":"product","link":"https:\/\/ventspils.citro.lv\/ru\/veikals\/drazejas-skawa-kokoss-sokolade-70g\/","title":{"rendered":"Dra\u017eejas Skawa kokoss \u0161okol\u0101d\u0113 70g"},"content":{"rendered":"","protected":false},"excerpt":{"rendered":"<p>9.86 \u20ac\/kg<\/p>\n","protected":false},"featured_media":1240465,"template":"","meta":{"_acf_changed":false,"inline_featured_image":false},"product_cat":[125,207],"product_tag":[],"acf":[],"aioseo_notices":[],"_links":{"self":[{"href":"https:\/\/ventspils.citro.lv\/ru\/wp-json\/wp\/v2\/product\/40023"}],"collection":[{"href":"https:\/\/ventspils.citro.lv\/ru\/wp-json\/wp\/v2\/product"}],"about":[{"href":"https:\/\/ventspils.citro.lv\/ru\/wp-json\/wp\/v2\/types\/product"}],"wp:featuredmedia":[{"embeddable":true,"href":"https:\/\/ventspils.citro.lv\/ru\/wp-json\/wp\/v2\/media\/1240465"}],"wp:attachment":[{"href":"https:\/\/ventspils.citro.lv\/ru\/wp-json\/wp\/v2\/media?parent=40023"}],"wp:term":[{"taxonomy":"product_cat","embeddable":true,"href":"https:\/\/ventspils.citro.lv\/ru\/wp-json\/wp\/v2\/product_cat?post=40023"},{"taxonomy":"product_tag","embeddable":true,"href":"https:\/\/ventspils.citro.lv\/ru\/wp-json\/wp\/v2\/product_tag?post=40023"}],"curies":[{"name":"wp","href":"https:\/\/api.w.org\/{rel}","templated":true}]}}