{"id":39829,"date":"2026-03-21T04:00:27","date_gmt":"2026-03-21T02:00:27","guid":{"rendered":"https:\/\/ventspils.citro.lv\/veikals\/ledene-chch-the-best-of-mais-12g\/"},"modified":"2026-03-21T04:00:32","modified_gmt":"2026-03-21T02:00:32","slug":"ledene-chch-the-best-of-mais-120g","status":"publish","type":"product","link":"https:\/\/ventspils.citro.lv\/ru\/veikals\/ledene-chch-the-best-of-mais-120g\/","title":{"rendered":"Ledene CHCH The Best of Mais 120g"},"content":{"rendered":"<p>(aug\u013cu gar\u0161a): cukurs, glikozes s\u012brups, aug\u013cu bieze\u0146i no koncentr\u0101ta 3% ( \u0101bolu, \u0137ir\u0161u, ave\u0146u, anan\u0101su, laima,citronu, zeme\u0146u, persiku, ban\u0101nu, apels\u012bnu, melle\u0146u, kaze\u0146u, mango, arb\u016bzu, kivi), sk\u0101bes (piensk\u0101be, \u0101bolsk\u0101be, citronsk\u0101be), aromatiz\u0113t\u0101ji, kr\u0101svilas (bie\u0161u sarkanas, kurkum\u012bns). (kolas gar\u0161a): cukurs, glikozes s\u012brups, sk\u0101bes (piensk\u0101be, \u0101bolsk\u0101be, citronsk\u0101be), aromatiz\u0113t\u0101ji, kr\u0101sviela (amonija sulf\u012bt\u0101 karamele). (zeme\u0146u un kr\u0113ma gar\u0161a): glikoze s\u012brups, cukurs, S\u016aKALU perme\u0101ts, aug\u013cu bieze\u0146i no koncentr\u0101ta 3% ( \u0101bolu, \u0137ir\u0161u, ave\u0146u, anan\u0101su, laima, citronu, zeme\u0146u, periku, ban\u0101nu, apels\u012bnu, melle\u0146u, kaze\u0146u, mango, arb\u016bzu, kivi), PILNPIENA pulveris 2,2%, kakao sviests, kr\u0101sviela (bie\u0161u sarkanais),aromatiz\u0113t\u0101ji.<\/p>\n","protected":false},"excerpt":{"rendered":"<p>14.92 \u20ac\/kg<\/p>\n","protected":false},"featured_media":1230258,"template":"","meta":{"_acf_changed":false,"inline_featured_image":false},"product_cat":[533,125],"product_tag":[],"acf":[],"aioseo_notices":[],"_links":{"self":[{"href":"https:\/\/ventspils.citro.lv\/ru\/wp-json\/wp\/v2\/product\/39829"}],"collection":[{"href":"https:\/\/ventspils.citro.lv\/ru\/wp-json\/wp\/v2\/product"}],"about":[{"href":"https:\/\/ventspils.citro.lv\/ru\/wp-json\/wp\/v2\/types\/product"}],"wp:featuredmedia":[{"embeddable":true,"href":"https:\/\/ventspils.citro.lv\/ru\/wp-json\/wp\/v2\/media\/1230258"}],"wp:attachment":[{"href":"https:\/\/ventspils.citro.lv\/ru\/wp-json\/wp\/v2\/media?parent=39829"}],"wp:term":[{"taxonomy":"product_cat","embeddable":true,"href":"https:\/\/ventspils.citro.lv\/ru\/wp-json\/wp\/v2\/product_cat?post=39829"},{"taxonomy":"product_tag","embeddable":true,"href":"https:\/\/ventspils.citro.lv\/ru\/wp-json\/wp\/v2\/product_tag?post=39829"}],"curies":[{"name":"wp","href":"https:\/\/api.w.org\/{rel}","templated":true}]}}