{"id":39759,"date":"2026-04-14T02:27:25","date_gmt":"2026-04-13T23:27:25","guid":{"rendered":"https:\/\/ventspils.citro.lv\/veikals\/pelmeni-traditional-ar-cukgalu-400g\/"},"modified":"2026-04-14T02:27:35","modified_gmt":"2026-04-13T23:27:35","slug":"pelmeni-traditional-ar-cukgalu-400g","status":"publish","type":"product","link":"https:\/\/ventspils.citro.lv\/ru\/veikals\/pelmeni-traditional-ar-cukgalu-400g\/","title":{"rendered":"Pelme\u0146i Traditional ar c\u016bkga\u013cu 400g"},"content":{"rendered":"","protected":false},"excerpt":{"rendered":"<p>10.48 \u20ac\/kg<\/p>\n","protected":false},"featured_media":1245183,"template":"","meta":{"_acf_changed":false,"inline_featured_image":false},"product_cat":[539,231],"product_tag":[],"acf":[],"aioseo_notices":[],"_links":{"self":[{"href":"https:\/\/ventspils.citro.lv\/ru\/wp-json\/wp\/v2\/product\/39759"}],"collection":[{"href":"https:\/\/ventspils.citro.lv\/ru\/wp-json\/wp\/v2\/product"}],"about":[{"href":"https:\/\/ventspils.citro.lv\/ru\/wp-json\/wp\/v2\/types\/product"}],"wp:featuredmedia":[{"embeddable":true,"href":"https:\/\/ventspils.citro.lv\/ru\/wp-json\/wp\/v2\/media\/1245183"}],"wp:attachment":[{"href":"https:\/\/ventspils.citro.lv\/ru\/wp-json\/wp\/v2\/media?parent=39759"}],"wp:term":[{"taxonomy":"product_cat","embeddable":true,"href":"https:\/\/ventspils.citro.lv\/ru\/wp-json\/wp\/v2\/product_cat?post=39759"},{"taxonomy":"product_tag","embeddable":true,"href":"https:\/\/ventspils.citro.lv\/ru\/wp-json\/wp\/v2\/product_tag?post=39759"}],"curies":[{"name":"wp","href":"https:\/\/api.w.org\/{rel}","templated":true}]}}