{"id":39747,"date":"2026-04-03T00:49:50","date_gmt":"2026-04-02T21:49:50","guid":{"rendered":"https:\/\/ventspils.citro.lv\/veikals\/dzeriens-gutta-upenusark-vinogu-1l\/"},"modified":"2026-04-03T00:49:55","modified_gmt":"2026-04-02T21:49:55","slug":"dzeriens-gutta-upenusark-vinogu-1l","status":"publish","type":"product","link":"https:\/\/ventspils.citro.lv\/ru\/veikals\/dzeriens-gutta-upenusark-vinogu-1l\/","title":{"rendered":"Dz\u0113riens Gutta upe\u0146u,sark.v\u012bnogu 1l"},"content":{"rendered":"","protected":false},"excerpt":{"rendered":"<p>3.29 \u20ac\/l<\/p>\n","protected":false},"featured_media":1239349,"template":"","meta":{"_acf_changed":false,"inline_featured_image":false},"product_cat":[106,124],"product_tag":[],"acf":[],"aioseo_notices":[],"_links":{"self":[{"href":"https:\/\/ventspils.citro.lv\/ru\/wp-json\/wp\/v2\/product\/39747"}],"collection":[{"href":"https:\/\/ventspils.citro.lv\/ru\/wp-json\/wp\/v2\/product"}],"about":[{"href":"https:\/\/ventspils.citro.lv\/ru\/wp-json\/wp\/v2\/types\/product"}],"wp:featuredmedia":[{"embeddable":true,"href":"https:\/\/ventspils.citro.lv\/ru\/wp-json\/wp\/v2\/media\/1239349"}],"wp:attachment":[{"href":"https:\/\/ventspils.citro.lv\/ru\/wp-json\/wp\/v2\/media?parent=39747"}],"wp:term":[{"taxonomy":"product_cat","embeddable":true,"href":"https:\/\/ventspils.citro.lv\/ru\/wp-json\/wp\/v2\/product_cat?post=39747"},{"taxonomy":"product_tag","embeddable":true,"href":"https:\/\/ventspils.citro.lv\/ru\/wp-json\/wp\/v2\/product_tag?post=39747"}],"curies":[{"name":"wp","href":"https:\/\/api.w.org\/{rel}","templated":true}]}}