{"id":393985,"date":"2026-03-17T07:42:34","date_gmt":"2026-03-17T05:42:34","guid":{"rendered":"https:\/\/ventspils.citro.lv\/veikals\/stricele-ar-magonem-citro\/"},"modified":"2026-04-30T11:41:07","modified_gmt":"2026-04-30T08:41:07","slug":"stricele-ar-magonem-citro","status":"publish","type":"product","link":"https:\/\/ventspils.citro.lv\/ru\/veikals\/stricele-ar-magonem-citro\/","title":{"rendered":"\u0160tricele ar magon\u0113m Citro"},"content":{"rendered":"<p>Sast\u0101vda\u013cas: m\u012bkla (KVIE\u0160U milti, margar\u012bns (augu tauki (palmu, kokosa), rap\u0161u e\u013c\u013ca, emulgators: E471, sk\u0101buma regul\u0113t\u0101js: E330, dab\u012bgs aromatiz\u0113t\u0101js, p\u0101rtikas kr\u0101sviela:  E160a), \u016bdens, cukurs, raugs pres\u0113tais, p\u0101rtikas s\u0101ls), magones, margar\u012bns (augu tauki (palmu, kokosa), rap\u0161u e\u013c\u013ca, emulgators: E471, sk\u0101buma regul\u0113t\u0101js: E330, dab\u012bgs aromatiz\u0113t\u0101js, p\u0101rtikas kr\u0101sviela:  E160a), OLAS, cukurs.100 g produkta satur:  ener\u0123\u0113tisk\u0101 v\u0113rt\u012bba 1589 KJ\/381 kcal,  tauki 22 g , tostarp pies\u0101tin\u0101t\u0101s tauksk\u0101bes 6,8 g, og\u013chidr\u0101ti 31 g tostarp cukurs 3,5 g, olbaltumvielas 12 g, s\u0101ls 1,6 g. Uzglab.\u0101\u0161anas apst\u0101k\u013ci: istabas temperat\u016bra. Izlietot l\u012bdz: nor\u0101d\u012bts uz iepakojuma. Ra\u017eot\u0101js: SIA &#171;Di\u0101na-bistro&#187; Andreja iela 5 Ventspils.<\/p>\n","protected":false},"excerpt":{"rendered":"<p>5.30 \u20ac\/kg<\/p>\n","protected":false},"featured_media":1227338,"template":"","meta":{"_acf_changed":false,"inline_featured_image":false},"product_cat":[109,110],"product_tag":[],"acf":[],"aioseo_notices":[],"_links":{"self":[{"href":"https:\/\/ventspils.citro.lv\/ru\/wp-json\/wp\/v2\/product\/393985"}],"collection":[{"href":"https:\/\/ventspils.citro.lv\/ru\/wp-json\/wp\/v2\/product"}],"about":[{"href":"https:\/\/ventspils.citro.lv\/ru\/wp-json\/wp\/v2\/types\/product"}],"wp:featuredmedia":[{"embeddable":true,"href":"https:\/\/ventspils.citro.lv\/ru\/wp-json\/wp\/v2\/media\/1227338"}],"wp:attachment":[{"href":"https:\/\/ventspils.citro.lv\/ru\/wp-json\/wp\/v2\/media?parent=393985"}],"wp:term":[{"taxonomy":"product_cat","embeddable":true,"href":"https:\/\/ventspils.citro.lv\/ru\/wp-json\/wp\/v2\/product_cat?post=393985"},{"taxonomy":"product_tag","embeddable":true,"href":"https:\/\/ventspils.citro.lv\/ru\/wp-json\/wp\/v2\/product_tag?post=393985"}],"curies":[{"name":"wp","href":"https:\/\/api.w.org\/{rel}","templated":true}]}}