{"id":393438,"date":"2024-08-14T03:30:06","date_gmt":"2024-08-14T00:30:06","guid":{"rendered":"https:\/\/ventspils.citro.lv\/veikals\/kartupelu-daivinas-ar-mizu-un-garsvielam\/"},"modified":"2026-01-16T13:39:10","modified_gmt":"2026-01-16T11:39:10","slug":"kartupelu-daivinas-ar-mizu-un-garsvielam","status":"publish","type":"product","link":"https:\/\/ventspils.citro.lv\/ru\/veikals\/kartupelu-daivinas-ar-mizu-un-garsvielam\/","title":{"rendered":"Kartupe\u013cu daivi\u0146as ar mizu un gar\u0161viel\u0101m"},"content":{"rendered":"<p>Sast\u0101vda\u013cas: kartupe\u013ci (91%), saulespu\u0137u e\u013c\u013ca (3%), modific\u0113ta ciete (kartupe\u013cu, kukur\u016bza), maltodekstr\u012bns, milti (r\u012bsu, kukur\u016bza), s\u0101ls, ciete (kartupe\u013cu), gar\u0161vielas (0,6%), irdin\u0101t\u0101js: E450i, E500ii, rauga ekstrakts, stabilizatori: E415, gar\u0161vielu ekstrakts, dekstroze. Uzglab\u0101\u0161ana: vair\u0101kus m\u0113ne\u0161us -18C temperat\u016br\u0101. P\u0113c atkaus\u0113\u0161anas atk\u0101rtoti nesasald\u0113t.<\/p>\n","protected":false},"excerpt":{"rendered":"<p>3.69 \u20ac\/kg<\/p>\n","protected":false},"featured_media":882638,"template":"","meta":{"_acf_changed":false,"inline_featured_image":false},"product_cat":[553,231],"product_tag":[],"acf":[],"aioseo_notices":[],"_links":{"self":[{"href":"https:\/\/ventspils.citro.lv\/ru\/wp-json\/wp\/v2\/product\/393438"}],"collection":[{"href":"https:\/\/ventspils.citro.lv\/ru\/wp-json\/wp\/v2\/product"}],"about":[{"href":"https:\/\/ventspils.citro.lv\/ru\/wp-json\/wp\/v2\/types\/product"}],"wp:featuredmedia":[{"embeddable":true,"href":"https:\/\/ventspils.citro.lv\/ru\/wp-json\/wp\/v2\/media\/882638"}],"wp:attachment":[{"href":"https:\/\/ventspils.citro.lv\/ru\/wp-json\/wp\/v2\/media?parent=393438"}],"wp:term":[{"taxonomy":"product_cat","embeddable":true,"href":"https:\/\/ventspils.citro.lv\/ru\/wp-json\/wp\/v2\/product_cat?post=393438"},{"taxonomy":"product_tag","embeddable":true,"href":"https:\/\/ventspils.citro.lv\/ru\/wp-json\/wp\/v2\/product_tag?post=393438"}],"curies":[{"name":"wp","href":"https:\/\/api.w.org\/{rel}","templated":true}]}}