{"id":393431,"date":"2026-05-12T07:12:14","date_gmt":"2026-05-12T04:12:14","guid":{"rendered":"https:\/\/ventspils.citro.lv\/veikals\/bariba-suniem-friskies-sausa-junior-vista-500g\/"},"modified":"2026-05-12T07:12:18","modified_gmt":"2026-05-12T04:12:18","slug":"bariba-suniem-friskies-sausa-junior-vista-500g","status":"publish","type":"product","link":"https:\/\/ventspils.citro.lv\/ru\/veikals\/bariba-suniem-friskies-sausa-junior-vista-500g\/","title":{"rendered":"Bar\u012bba su\u0146iem Friskies saus\u0101 Junior vista 500g"},"content":{"rendered":"","protected":false},"excerpt":{"rendered":"<p>3.58 \u20ac\/kg<\/p>\n","protected":false},"featured_media":1259604,"template":"","meta":{"_acf_changed":false,"inline_featured_image":false},"product_cat":[153,171],"product_tag":[],"acf":[],"aioseo_notices":[],"_links":{"self":[{"href":"https:\/\/ventspils.citro.lv\/ru\/wp-json\/wp\/v2\/product\/393431"}],"collection":[{"href":"https:\/\/ventspils.citro.lv\/ru\/wp-json\/wp\/v2\/product"}],"about":[{"href":"https:\/\/ventspils.citro.lv\/ru\/wp-json\/wp\/v2\/types\/product"}],"wp:featuredmedia":[{"embeddable":true,"href":"https:\/\/ventspils.citro.lv\/ru\/wp-json\/wp\/v2\/media\/1259604"}],"wp:attachment":[{"href":"https:\/\/ventspils.citro.lv\/ru\/wp-json\/wp\/v2\/media?parent=393431"}],"wp:term":[{"taxonomy":"product_cat","embeddable":true,"href":"https:\/\/ventspils.citro.lv\/ru\/wp-json\/wp\/v2\/product_cat?post=393431"},{"taxonomy":"product_tag","embeddable":true,"href":"https:\/\/ventspils.citro.lv\/ru\/wp-json\/wp\/v2\/product_tag?post=393431"}],"curies":[{"name":"wp","href":"https:\/\/api.w.org\/{rel}","templated":true}]}}