{"id":387088,"date":"2026-04-10T08:06:03","date_gmt":"2026-04-10T05:06:03","guid":{"rendered":"https:\/\/ventspils.citro.lv\/veikals\/autinbikksites-huggies-pants-d-jp-s5-biksit-boy-12-17kg-34gb\/"},"modified":"2026-04-10T08:06:07","modified_gmt":"2026-04-10T05:06:07","slug":"autinbikksites-huggies-pants-d-jp-s5-biksit-boy-12-17kg-34gb","status":"publish","type":"product","link":"https:\/\/ventspils.citro.lv\/ru\/veikals\/autinbikksites-huggies-pants-d-jp-s5-biksit-boy-12-17kg-34gb\/","title":{"rendered":"Auti\u0146bikks\u012btes Huggies Pants D JP S5 biks\u012bt.Boy 12-17kg 34gb"},"content":{"rendered":"","protected":false},"excerpt":{"rendered":"<p>0.46 \u20ac\/gb<\/p>\n","protected":false},"featured_media":1243812,"template":"","meta":{"_acf_changed":false,"inline_featured_image":false},"product_cat":[172,189],"product_tag":[],"acf":[],"aioseo_notices":[],"_links":{"self":[{"href":"https:\/\/ventspils.citro.lv\/ru\/wp-json\/wp\/v2\/product\/387088"}],"collection":[{"href":"https:\/\/ventspils.citro.lv\/ru\/wp-json\/wp\/v2\/product"}],"about":[{"href":"https:\/\/ventspils.citro.lv\/ru\/wp-json\/wp\/v2\/types\/product"}],"wp:featuredmedia":[{"embeddable":true,"href":"https:\/\/ventspils.citro.lv\/ru\/wp-json\/wp\/v2\/media\/1243812"}],"wp:attachment":[{"href":"https:\/\/ventspils.citro.lv\/ru\/wp-json\/wp\/v2\/media?parent=387088"}],"wp:term":[{"taxonomy":"product_cat","embeddable":true,"href":"https:\/\/ventspils.citro.lv\/ru\/wp-json\/wp\/v2\/product_cat?post=387088"},{"taxonomy":"product_tag","embeddable":true,"href":"https:\/\/ventspils.citro.lv\/ru\/wp-json\/wp\/v2\/product_tag?post=387088"}],"curies":[{"name":"wp","href":"https:\/\/api.w.org\/{rel}","templated":true}]}}