{"id":387084,"date":"2026-04-10T08:03:56","date_gmt":"2026-04-10T05:03:56","guid":{"rendered":"https:\/\/ventspils.citro.lv\/veikals\/autinbikksites-huggies-pants-d-jp-s4-biksit-boy-9-14kg-36gb\/"},"modified":"2026-04-10T08:04:00","modified_gmt":"2026-04-10T05:04:00","slug":"autinbikksites-huggies-pants-d-jp-s4-biksit-boy-9-14kg-36gb","status":"publish","type":"product","link":"https:\/\/ventspils.citro.lv\/ru\/veikals\/autinbikksites-huggies-pants-d-jp-s4-biksit-boy-9-14kg-36gb\/","title":{"rendered":"Auti\u0146bikks\u012btes Huggies Pants D JP S4 biks\u012bt.Boy 9-14kg 36gb"},"content":{"rendered":"","protected":false},"excerpt":{"rendered":"<p>0.43 \u20ac\/gb<\/p>\n","protected":false},"featured_media":1243810,"template":"","meta":{"_acf_changed":false,"inline_featured_image":false},"product_cat":[172,189],"product_tag":[],"acf":[],"aioseo_notices":[],"_links":{"self":[{"href":"https:\/\/ventspils.citro.lv\/ru\/wp-json\/wp\/v2\/product\/387084"}],"collection":[{"href":"https:\/\/ventspils.citro.lv\/ru\/wp-json\/wp\/v2\/product"}],"about":[{"href":"https:\/\/ventspils.citro.lv\/ru\/wp-json\/wp\/v2\/types\/product"}],"wp:featuredmedia":[{"embeddable":true,"href":"https:\/\/ventspils.citro.lv\/ru\/wp-json\/wp\/v2\/media\/1243810"}],"wp:attachment":[{"href":"https:\/\/ventspils.citro.lv\/ru\/wp-json\/wp\/v2\/media?parent=387084"}],"wp:term":[{"taxonomy":"product_cat","embeddable":true,"href":"https:\/\/ventspils.citro.lv\/ru\/wp-json\/wp\/v2\/product_cat?post=387084"},{"taxonomy":"product_tag","embeddable":true,"href":"https:\/\/ventspils.citro.lv\/ru\/wp-json\/wp\/v2\/product_tag?post=387084"}],"curies":[{"name":"wp","href":"https:\/\/api.w.org\/{rel}","templated":true}]}}