{"id":387075,"date":"2026-03-18T04:39:36","date_gmt":"2026-03-18T02:39:36","guid":{"rendered":"https:\/\/ventspils.citro.lv\/veikals\/maizes-cipsi-bon-chance-rupjmaizes-ar-triskarsu-siera-garsu\/"},"modified":"2026-03-18T04:39:41","modified_gmt":"2026-03-18T02:39:41","slug":"maizes-cipsi-bon-chance-rupjmaizes-ar-triskarsu-siera-garsu","status":"publish","type":"product","link":"https:\/\/ventspils.citro.lv\/ru\/veikals\/maizes-cipsi-bon-chance-rupjmaizes-ar-triskarsu-siera-garsu\/","title":{"rendered":"Maizes \u010dipsi Bon Chance rupjmaizes ar tr\u012bsk\u0101r\u0161u siera gar\u0161u"},"content":{"rendered":"","protected":false},"excerpt":{"rendered":"<p>19.08 \u20ac\/kg<\/p>\n","protected":false},"featured_media":1228436,"template":"","meta":{"_acf_changed":false,"inline_featured_image":false},"product_cat":[535,215],"product_tag":[],"acf":[],"aioseo_notices":[],"_links":{"self":[{"href":"https:\/\/ventspils.citro.lv\/ru\/wp-json\/wp\/v2\/product\/387075"}],"collection":[{"href":"https:\/\/ventspils.citro.lv\/ru\/wp-json\/wp\/v2\/product"}],"about":[{"href":"https:\/\/ventspils.citro.lv\/ru\/wp-json\/wp\/v2\/types\/product"}],"wp:featuredmedia":[{"embeddable":true,"href":"https:\/\/ventspils.citro.lv\/ru\/wp-json\/wp\/v2\/media\/1228436"}],"wp:attachment":[{"href":"https:\/\/ventspils.citro.lv\/ru\/wp-json\/wp\/v2\/media?parent=387075"}],"wp:term":[{"taxonomy":"product_cat","embeddable":true,"href":"https:\/\/ventspils.citro.lv\/ru\/wp-json\/wp\/v2\/product_cat?post=387075"},{"taxonomy":"product_tag","embeddable":true,"href":"https:\/\/ventspils.citro.lv\/ru\/wp-json\/wp\/v2\/product_tag?post=387075"}],"curies":[{"name":"wp","href":"https:\/\/api.w.org\/{rel}","templated":true}]}}