{"id":385224,"date":"2026-04-28T02:06:52","date_gmt":"2026-04-27T23:06:52","guid":{"rendered":"https:\/\/ventspils.citro.lv\/veikals\/cipsi-lorenz-kartupelu-salmini-ar-skaba-krejuma-garsu-100g\/"},"modified":"2026-04-28T02:06:57","modified_gmt":"2026-04-27T23:06:57","slug":"cipsi-lorenz-kartupelu-salmini-ar-skaba-krejuma-garsu-100g","status":"publish","type":"product","link":"https:\/\/ventspils.citro.lv\/ru\/veikals\/cipsi-lorenz-kartupelu-salmini-ar-skaba-krejuma-garsu-100g\/","title":{"rendered":"\u010cipsi Lorenz kartupe\u013cu salmi\u0146i ar sk\u0101b\u0101 kr\u0113juma gar\u0161u 100g"},"content":{"rendered":"","protected":false},"excerpt":{"rendered":"<p>15.50 \u20ac\/kg<\/p>\n","protected":false},"featured_media":1253986,"template":"","meta":{"_acf_changed":false,"inline_featured_image":false},"product_cat":[125,191],"product_tag":[],"acf":[],"aioseo_notices":[],"_links":{"self":[{"href":"https:\/\/ventspils.citro.lv\/ru\/wp-json\/wp\/v2\/product\/385224"}],"collection":[{"href":"https:\/\/ventspils.citro.lv\/ru\/wp-json\/wp\/v2\/product"}],"about":[{"href":"https:\/\/ventspils.citro.lv\/ru\/wp-json\/wp\/v2\/types\/product"}],"wp:featuredmedia":[{"embeddable":true,"href":"https:\/\/ventspils.citro.lv\/ru\/wp-json\/wp\/v2\/media\/1253986"}],"wp:attachment":[{"href":"https:\/\/ventspils.citro.lv\/ru\/wp-json\/wp\/v2\/media?parent=385224"}],"wp:term":[{"taxonomy":"product_cat","embeddable":true,"href":"https:\/\/ventspils.citro.lv\/ru\/wp-json\/wp\/v2\/product_cat?post=385224"},{"taxonomy":"product_tag","embeddable":true,"href":"https:\/\/ventspils.citro.lv\/ru\/wp-json\/wp\/v2\/product_tag?post=385224"}],"curies":[{"name":"wp","href":"https:\/\/api.w.org\/{rel}","templated":true}]}}