{"id":384955,"date":"2026-05-08T01:45:11","date_gmt":"2026-05-07T22:45:11","guid":{"rendered":"https:\/\/ventspils.citro.lv\/veikals\/cipsi-lorenz-kartupelu-salmini-ar-sali-100g\/"},"modified":"2026-05-09T17:04:42","modified_gmt":"2026-05-09T14:04:42","slug":"cipsi-lorenz-kartupelu-salmini-ar-sali-100g","status":"publish","type":"product","link":"https:\/\/ventspils.citro.lv\/ru\/veikals\/cipsi-lorenz-kartupelu-salmini-ar-sali-100g\/","title":{"rendered":"\u010cipsi Lorenz kartupe\u013cu salmi\u0146i ar s\u0101li 100g"},"content":{"rendered":"","protected":false},"excerpt":{"rendered":"<p>12.50 \u20ac\/kg<\/p>\n","protected":false},"featured_media":1257291,"template":"","meta":{"_acf_changed":false,"inline_featured_image":false},"product_cat":[125,191],"product_tag":[],"acf":[],"aioseo_notices":[],"_links":{"self":[{"href":"https:\/\/ventspils.citro.lv\/ru\/wp-json\/wp\/v2\/product\/384955"}],"collection":[{"href":"https:\/\/ventspils.citro.lv\/ru\/wp-json\/wp\/v2\/product"}],"about":[{"href":"https:\/\/ventspils.citro.lv\/ru\/wp-json\/wp\/v2\/types\/product"}],"wp:featuredmedia":[{"embeddable":true,"href":"https:\/\/ventspils.citro.lv\/ru\/wp-json\/wp\/v2\/media\/1257291"}],"wp:attachment":[{"href":"https:\/\/ventspils.citro.lv\/ru\/wp-json\/wp\/v2\/media?parent=384955"}],"wp:term":[{"taxonomy":"product_cat","embeddable":true,"href":"https:\/\/ventspils.citro.lv\/ru\/wp-json\/wp\/v2\/product_cat?post=384955"},{"taxonomy":"product_tag","embeddable":true,"href":"https:\/\/ventspils.citro.lv\/ru\/wp-json\/wp\/v2\/product_tag?post=384955"}],"curies":[{"name":"wp","href":"https:\/\/api.w.org\/{rel}","templated":true}]}}