{"id":375603,"date":"2026-04-24T09:18:57","date_gmt":"2026-04-24T06:18:57","guid":{"rendered":"https:\/\/ventspils.citro.lv\/veikals\/papira-dvielis-zewa-wischweg-2-slani-2rulli\/"},"modified":"2026-04-24T09:19:02","modified_gmt":"2026-04-24T06:19:02","slug":"papira-dvielis-zewa-wischweg-2-slani-2rulli","status":"publish","type":"product","link":"https:\/\/ventspils.citro.lv\/ru\/veikals\/papira-dvielis-zewa-wischweg-2-slani-2rulli\/","title":{"rendered":"Pap\u012bra dvielis Zewa Wisch&#038;Weg 2 sl\u0101\u0146i 2ru\u013c\u013ci"},"content":{"rendered":"","protected":false},"excerpt":{"rendered":"<p>2.00 \u20ac\/gb<\/p>\n","protected":false},"featured_media":1252798,"template":"","meta":{"_acf_changed":false,"inline_featured_image":false},"product_cat":[131,163],"product_tag":[],"acf":[],"aioseo_notices":[],"_links":{"self":[{"href":"https:\/\/ventspils.citro.lv\/ru\/wp-json\/wp\/v2\/product\/375603"}],"collection":[{"href":"https:\/\/ventspils.citro.lv\/ru\/wp-json\/wp\/v2\/product"}],"about":[{"href":"https:\/\/ventspils.citro.lv\/ru\/wp-json\/wp\/v2\/types\/product"}],"wp:featuredmedia":[{"embeddable":true,"href":"https:\/\/ventspils.citro.lv\/ru\/wp-json\/wp\/v2\/media\/1252798"}],"wp:attachment":[{"href":"https:\/\/ventspils.citro.lv\/ru\/wp-json\/wp\/v2\/media?parent=375603"}],"wp:term":[{"taxonomy":"product_cat","embeddable":true,"href":"https:\/\/ventspils.citro.lv\/ru\/wp-json\/wp\/v2\/product_cat?post=375603"},{"taxonomy":"product_tag","embeddable":true,"href":"https:\/\/ventspils.citro.lv\/ru\/wp-json\/wp\/v2\/product_tag?post=375603"}],"curies":[{"name":"wp","href":"https:\/\/api.w.org\/{rel}","templated":true}]}}