{"id":375593,"date":"2026-04-23T09:27:13","date_gmt":"2026-04-23T06:27:13","guid":{"rendered":"https:\/\/ventspils.citro.lv\/veikals\/biezenis-rudolfs-bio-darzeni-ar-jaunlopa-galu-110g\/"},"modified":"2026-04-23T09:27:17","modified_gmt":"2026-04-23T06:27:17","slug":"biezenis-rudolfs-darzeni-ar-jaunlopa-galu-bio-110g","status":"publish","type":"product","link":"https:\/\/ventspils.citro.lv\/ru\/veikals\/biezenis-rudolfs-darzeni-ar-jaunlopa-galu-bio-110g\/","title":{"rendered":"Biezenis R\u016bdolfs d\u0101rze\u0146i ar jaunlopa ga\u013cu Bio 110g"},"content":{"rendered":"","protected":false},"excerpt":{"rendered":"<p>14.45 \u20ac\/kg<\/p>\n","protected":false},"featured_media":1250601,"template":"","meta":{"_acf_changed":false,"inline_featured_image":false},"product_cat":[172,173],"product_tag":[],"acf":[],"aioseo_notices":[],"_links":{"self":[{"href":"https:\/\/ventspils.citro.lv\/ru\/wp-json\/wp\/v2\/product\/375593"}],"collection":[{"href":"https:\/\/ventspils.citro.lv\/ru\/wp-json\/wp\/v2\/product"}],"about":[{"href":"https:\/\/ventspils.citro.lv\/ru\/wp-json\/wp\/v2\/types\/product"}],"wp:featuredmedia":[{"embeddable":true,"href":"https:\/\/ventspils.citro.lv\/ru\/wp-json\/wp\/v2\/media\/1250601"}],"wp:attachment":[{"href":"https:\/\/ventspils.citro.lv\/ru\/wp-json\/wp\/v2\/media?parent=375593"}],"wp:term":[{"taxonomy":"product_cat","embeddable":true,"href":"https:\/\/ventspils.citro.lv\/ru\/wp-json\/wp\/v2\/product_cat?post=375593"},{"taxonomy":"product_tag","embeddable":true,"href":"https:\/\/ventspils.citro.lv\/ru\/wp-json\/wp\/v2\/product_tag?post=375593"}],"curies":[{"name":"wp","href":"https:\/\/api.w.org\/{rel}","templated":true}]}}