{"id":374845,"date":"2026-04-08T05:15:40","date_gmt":"2026-04-08T02:15:40","guid":{"rendered":"https:\/\/ventspils.citro.lv\/veikals\/cipsi-crunchips-x-cut-ar-kebaba-un-sipola-garsu-75g\/"},"modified":"2026-04-08T05:15:51","modified_gmt":"2026-04-08T02:15:51","slug":"cipsi-crunchips-x-cut-ar-kebaba-un-sipola-garsu-75g","status":"publish","type":"product","link":"https:\/\/ventspils.citro.lv\/ru\/veikals\/cipsi-crunchips-x-cut-ar-kebaba-un-sipola-garsu-75g\/","title":{"rendered":"\u010cipsi Crunchips X-cut ar kebaba un s\u012bpola gar\u0161u 75g"},"content":{"rendered":"","protected":false},"excerpt":{"rendered":"<p>11.87 \u20ac\/kg<\/p>\n","protected":false},"featured_media":1241112,"template":"","meta":{"_acf_changed":false,"inline_featured_image":false},"product_cat":[125,191],"product_tag":[],"acf":[],"aioseo_notices":[],"_links":{"self":[{"href":"https:\/\/ventspils.citro.lv\/ru\/wp-json\/wp\/v2\/product\/374845"}],"collection":[{"href":"https:\/\/ventspils.citro.lv\/ru\/wp-json\/wp\/v2\/product"}],"about":[{"href":"https:\/\/ventspils.citro.lv\/ru\/wp-json\/wp\/v2\/types\/product"}],"wp:featuredmedia":[{"embeddable":true,"href":"https:\/\/ventspils.citro.lv\/ru\/wp-json\/wp\/v2\/media\/1241112"}],"wp:attachment":[{"href":"https:\/\/ventspils.citro.lv\/ru\/wp-json\/wp\/v2\/media?parent=374845"}],"wp:term":[{"taxonomy":"product_cat","embeddable":true,"href":"https:\/\/ventspils.citro.lv\/ru\/wp-json\/wp\/v2\/product_cat?post=374845"},{"taxonomy":"product_tag","embeddable":true,"href":"https:\/\/ventspils.citro.lv\/ru\/wp-json\/wp\/v2\/product_tag?post=374845"}],"curies":[{"name":"wp","href":"https:\/\/api.w.org\/{rel}","templated":true}]}}