{"id":374844,"date":"2026-03-27T09:45:27","date_gmt":"2026-03-27T07:45:27","guid":{"rendered":"https:\/\/ventspils.citro.lv\/veikals\/cipsi-crunchips-x-cut-senu-75g\/"},"modified":"2026-03-27T09:45:33","modified_gmt":"2026-03-27T07:45:33","slug":"cipsi-crunchips-x-cut-senu-75g","status":"publish","type":"product","link":"https:\/\/ventspils.citro.lv\/ru\/veikals\/cipsi-crunchips-x-cut-senu-75g\/","title":{"rendered":"\u010cipsi Crunchips X-cut s\u0113\u0146u 75g"},"content":{"rendered":"","protected":false},"excerpt":{"rendered":"<p>11.87 \u20ac\/kg<\/p>\n","protected":false},"featured_media":1236390,"template":"","meta":{"_acf_changed":false,"inline_featured_image":false},"product_cat":[125,191],"product_tag":[],"acf":[],"aioseo_notices":[],"_links":{"self":[{"href":"https:\/\/ventspils.citro.lv\/ru\/wp-json\/wp\/v2\/product\/374844"}],"collection":[{"href":"https:\/\/ventspils.citro.lv\/ru\/wp-json\/wp\/v2\/product"}],"about":[{"href":"https:\/\/ventspils.citro.lv\/ru\/wp-json\/wp\/v2\/types\/product"}],"wp:featuredmedia":[{"embeddable":true,"href":"https:\/\/ventspils.citro.lv\/ru\/wp-json\/wp\/v2\/media\/1236390"}],"wp:attachment":[{"href":"https:\/\/ventspils.citro.lv\/ru\/wp-json\/wp\/v2\/media?parent=374844"}],"wp:term":[{"taxonomy":"product_cat","embeddable":true,"href":"https:\/\/ventspils.citro.lv\/ru\/wp-json\/wp\/v2\/product_cat?post=374844"},{"taxonomy":"product_tag","embeddable":true,"href":"https:\/\/ventspils.citro.lv\/ru\/wp-json\/wp\/v2\/product_tag?post=374844"}],"curies":[{"name":"wp","href":"https:\/\/api.w.org\/{rel}","templated":true}]}}