{"id":374835,"date":"2026-04-10T08:00:25","date_gmt":"2026-04-10T05:00:25","guid":{"rendered":"https:\/\/ventspils.citro.lv\/veikals\/kukuruzas-nujinas-ar-siera-garsuboramex-20g\/"},"modified":"2026-04-10T08:00:30","modified_gmt":"2026-04-10T05:00:30","slug":"kukuruzas-nujinas-ar-siera-garsu-boramex-20g","status":"publish","type":"product","link":"https:\/\/ventspils.citro.lv\/ru\/veikals\/kukuruzas-nujinas-ar-siera-garsu-boramex-20g\/","title":{"rendered":"Kukur\u016bzas n\u016bji\u0146as ar siera gar\u0161u Boramex 20g"},"content":{"rendered":"","protected":false},"excerpt":{"rendered":"<p>22.50 \u20ac\/kg<\/p>\n","protected":false},"featured_media":1243786,"template":"","meta":{"_acf_changed":false,"inline_featured_image":false},"product_cat":[228,125],"product_tag":[],"acf":[],"aioseo_notices":[],"_links":{"self":[{"href":"https:\/\/ventspils.citro.lv\/ru\/wp-json\/wp\/v2\/product\/374835"}],"collection":[{"href":"https:\/\/ventspils.citro.lv\/ru\/wp-json\/wp\/v2\/product"}],"about":[{"href":"https:\/\/ventspils.citro.lv\/ru\/wp-json\/wp\/v2\/types\/product"}],"wp:featuredmedia":[{"embeddable":true,"href":"https:\/\/ventspils.citro.lv\/ru\/wp-json\/wp\/v2\/media\/1243786"}],"wp:attachment":[{"href":"https:\/\/ventspils.citro.lv\/ru\/wp-json\/wp\/v2\/media?parent=374835"}],"wp:term":[{"taxonomy":"product_cat","embeddable":true,"href":"https:\/\/ventspils.citro.lv\/ru\/wp-json\/wp\/v2\/product_cat?post=374835"},{"taxonomy":"product_tag","embeddable":true,"href":"https:\/\/ventspils.citro.lv\/ru\/wp-json\/wp\/v2\/product_tag?post=374835"}],"curies":[{"name":"wp","href":"https:\/\/api.w.org\/{rel}","templated":true}]}}