{"id":374834,"date":"2026-04-10T08:00:14","date_gmt":"2026-04-10T05:00:14","guid":{"rendered":"https:\/\/ventspils.citro.lv\/veikals\/kukuruzas-nujinas-ar-picas-garsu-boramex-20g\/"},"modified":"2026-04-10T08:00:24","modified_gmt":"2026-04-10T05:00:24","slug":"kukuruzas-nujinas-ar-picas-garsu-boramex-20g","status":"publish","type":"product","link":"https:\/\/ventspils.citro.lv\/ru\/veikals\/kukuruzas-nujinas-ar-picas-garsu-boramex-20g\/","title":{"rendered":"Kukur\u016bzas n\u016bji\u0146as ar picas gar\u0161u Boramex 20g"},"content":{"rendered":"","protected":false},"excerpt":{"rendered":"<p>22.50 \u20ac\/kg<\/p>\n","protected":false},"featured_media":1243785,"template":"","meta":{"_acf_changed":false,"inline_featured_image":false},"product_cat":[228,125],"product_tag":[],"acf":[],"aioseo_notices":[],"_links":{"self":[{"href":"https:\/\/ventspils.citro.lv\/ru\/wp-json\/wp\/v2\/product\/374834"}],"collection":[{"href":"https:\/\/ventspils.citro.lv\/ru\/wp-json\/wp\/v2\/product"}],"about":[{"href":"https:\/\/ventspils.citro.lv\/ru\/wp-json\/wp\/v2\/types\/product"}],"wp:featuredmedia":[{"embeddable":true,"href":"https:\/\/ventspils.citro.lv\/ru\/wp-json\/wp\/v2\/media\/1243785"}],"wp:attachment":[{"href":"https:\/\/ventspils.citro.lv\/ru\/wp-json\/wp\/v2\/media?parent=374834"}],"wp:term":[{"taxonomy":"product_cat","embeddable":true,"href":"https:\/\/ventspils.citro.lv\/ru\/wp-json\/wp\/v2\/product_cat?post=374834"},{"taxonomy":"product_tag","embeddable":true,"href":"https:\/\/ventspils.citro.lv\/ru\/wp-json\/wp\/v2\/product_tag?post=374834"}],"curies":[{"name":"wp","href":"https:\/\/api.w.org\/{rel}","templated":true}]}}