{"id":374829,"date":"2026-03-27T09:42:46","date_gmt":"2026-03-27T07:42:46","guid":{"rendered":"https:\/\/ventspils.citro.lv\/veikals\/konfeksu-karba-karl-fazer-piena-sok-izlase-150g\/"},"modified":"2026-04-04T11:53:06","modified_gmt":"2026-04-04T08:53:06","slug":"konfeksu-karba-fazer-piena-sok-izlase-150g","status":"publish","type":"product","link":"https:\/\/ventspils.citro.lv\/ru\/veikals\/konfeksu-karba-fazer-piena-sok-izlase-150g\/","title":{"rendered":"Konfek\u0161u k\u0101rba Fazer piena \u0161ok.izlase 150g"},"content":{"rendered":"","protected":false},"excerpt":{"rendered":"<p>25.27 \u20ac\/kg<\/p>\n","protected":false},"featured_media":1236380,"template":"","meta":{"_acf_changed":false,"inline_featured_image":false},"product_cat":[125,200],"product_tag":[],"acf":[],"aioseo_notices":[],"_links":{"self":[{"href":"https:\/\/ventspils.citro.lv\/ru\/wp-json\/wp\/v2\/product\/374829"}],"collection":[{"href":"https:\/\/ventspils.citro.lv\/ru\/wp-json\/wp\/v2\/product"}],"about":[{"href":"https:\/\/ventspils.citro.lv\/ru\/wp-json\/wp\/v2\/types\/product"}],"wp:featuredmedia":[{"embeddable":true,"href":"https:\/\/ventspils.citro.lv\/ru\/wp-json\/wp\/v2\/media\/1236380"}],"wp:attachment":[{"href":"https:\/\/ventspils.citro.lv\/ru\/wp-json\/wp\/v2\/media?parent=374829"}],"wp:term":[{"taxonomy":"product_cat","embeddable":true,"href":"https:\/\/ventspils.citro.lv\/ru\/wp-json\/wp\/v2\/product_cat?post=374829"},{"taxonomy":"product_tag","embeddable":true,"href":"https:\/\/ventspils.citro.lv\/ru\/wp-json\/wp\/v2\/product_tag?post=374829"}],"curies":[{"name":"wp","href":"https:\/\/api.w.org\/{rel}","templated":true}]}}