{"id":374823,"date":"2026-05-07T03:51:37","date_gmt":"2026-05-07T00:51:37","guid":{"rendered":"https:\/\/ventspils.citro.lv\/veikals\/mineraludens-nabeghlavi-gazets-1l\/"},"modified":"2026-05-07T12:34:41","modified_gmt":"2026-05-07T09:34:41","slug":"mineraludens-nabeghlavi-gazets-1l","status":"publish","type":"product","link":"https:\/\/ventspils.citro.lv\/ru\/veikals\/mineraludens-nabeghlavi-gazets-1l\/","title":{"rendered":"Miner\u0101l\u016bdens Nabeghlavi g\u0101z\u0113ts 1l"},"content":{"rendered":"","protected":false},"excerpt":{"rendered":"<p>1.05 \u20ac\/l<\/p>\n","protected":false},"featured_media":1257027,"template":"","meta":{"_acf_changed":false,"inline_featured_image":false},"product_cat":[106,186],"product_tag":[],"acf":[],"aioseo_notices":[],"_links":{"self":[{"href":"https:\/\/ventspils.citro.lv\/ru\/wp-json\/wp\/v2\/product\/374823"}],"collection":[{"href":"https:\/\/ventspils.citro.lv\/ru\/wp-json\/wp\/v2\/product"}],"about":[{"href":"https:\/\/ventspils.citro.lv\/ru\/wp-json\/wp\/v2\/types\/product"}],"wp:featuredmedia":[{"embeddable":true,"href":"https:\/\/ventspils.citro.lv\/ru\/wp-json\/wp\/v2\/media\/1257027"}],"wp:attachment":[{"href":"https:\/\/ventspils.citro.lv\/ru\/wp-json\/wp\/v2\/media?parent=374823"}],"wp:term":[{"taxonomy":"product_cat","embeddable":true,"href":"https:\/\/ventspils.citro.lv\/ru\/wp-json\/wp\/v2\/product_cat?post=374823"},{"taxonomy":"product_tag","embeddable":true,"href":"https:\/\/ventspils.citro.lv\/ru\/wp-json\/wp\/v2\/product_tag?post=374823"}],"curies":[{"name":"wp","href":"https:\/\/api.w.org\/{rel}","templated":true}]}}