{"id":374822,"date":"2026-04-24T09:12:24","date_gmt":"2026-04-24T06:12:24","guid":{"rendered":"https:\/\/ventspils.citro.lv\/veikals\/mineraludens-vytautas-naturals-0-5l\/"},"modified":"2026-04-25T01:03:21","modified_gmt":"2026-04-24T22:03:21","slug":"mineraludens-vytautas-naturals-0-5l","status":"publish","type":"product","link":"https:\/\/ventspils.citro.lv\/ru\/veikals\/mineraludens-vytautas-naturals-0-5l\/","title":{"rendered":"Miner\u0101l\u016bdens Vytautas natur\u0101ls 0.5l"},"content":{"rendered":"","protected":false},"excerpt":{"rendered":"<p>0.90 \u20ac\/l<\/p>\n","protected":false},"featured_media":1252761,"template":"","meta":{"_acf_changed":false,"inline_featured_image":false},"product_cat":[106,186],"product_tag":[],"acf":[],"aioseo_notices":[],"_links":{"self":[{"href":"https:\/\/ventspils.citro.lv\/ru\/wp-json\/wp\/v2\/product\/374822"}],"collection":[{"href":"https:\/\/ventspils.citro.lv\/ru\/wp-json\/wp\/v2\/product"}],"about":[{"href":"https:\/\/ventspils.citro.lv\/ru\/wp-json\/wp\/v2\/types\/product"}],"wp:featuredmedia":[{"embeddable":true,"href":"https:\/\/ventspils.citro.lv\/ru\/wp-json\/wp\/v2\/media\/1252761"}],"wp:attachment":[{"href":"https:\/\/ventspils.citro.lv\/ru\/wp-json\/wp\/v2\/media?parent=374822"}],"wp:term":[{"taxonomy":"product_cat","embeddable":true,"href":"https:\/\/ventspils.citro.lv\/ru\/wp-json\/wp\/v2\/product_cat?post=374822"},{"taxonomy":"product_tag","embeddable":true,"href":"https:\/\/ventspils.citro.lv\/ru\/wp-json\/wp\/v2\/product_tag?post=374822"}],"curies":[{"name":"wp","href":"https:\/\/api.w.org\/{rel}","templated":true}]}}