{"id":374818,"date":"2026-03-27T09:42:02","date_gmt":"2026-03-27T07:42:02","guid":{"rendered":"https:\/\/ventspils.citro.lv\/veikals\/zupa-darzenu-ar-nudelem-52g\/"},"modified":"2026-03-27T09:42:13","modified_gmt":"2026-03-27T07:42:13","slug":"zupa-darzenu-ar-nudelem-52g","status":"publish","type":"product","link":"https:\/\/ventspils.citro.lv\/ru\/veikals\/zupa-darzenu-ar-nudelem-52g\/","title":{"rendered":"Zupa d\u0101rze\u0146u ar n\u016bdel\u0113m 52g"},"content":{"rendered":"","protected":false},"excerpt":{"rendered":"<p>10.58 \u20ac\/kg<\/p>\n","protected":false},"featured_media":1236373,"template":"","meta":{"_acf_changed":false,"inline_featured_image":false},"product_cat":[111,138],"product_tag":[],"acf":[],"aioseo_notices":[],"_links":{"self":[{"href":"https:\/\/ventspils.citro.lv\/ru\/wp-json\/wp\/v2\/product\/374818"}],"collection":[{"href":"https:\/\/ventspils.citro.lv\/ru\/wp-json\/wp\/v2\/product"}],"about":[{"href":"https:\/\/ventspils.citro.lv\/ru\/wp-json\/wp\/v2\/types\/product"}],"wp:featuredmedia":[{"embeddable":true,"href":"https:\/\/ventspils.citro.lv\/ru\/wp-json\/wp\/v2\/media\/1236373"}],"wp:attachment":[{"href":"https:\/\/ventspils.citro.lv\/ru\/wp-json\/wp\/v2\/media?parent=374818"}],"wp:term":[{"taxonomy":"product_cat","embeddable":true,"href":"https:\/\/ventspils.citro.lv\/ru\/wp-json\/wp\/v2\/product_cat?post=374818"},{"taxonomy":"product_tag","embeddable":true,"href":"https:\/\/ventspils.citro.lv\/ru\/wp-json\/wp\/v2\/product_tag?post=374818"}],"curies":[{"name":"wp","href":"https:\/\/api.w.org\/{rel}","templated":true}]}}