{"id":374814,"date":"2026-03-13T05:15:15","date_gmt":"2026-03-13T03:15:15","guid":{"rendered":"https:\/\/ventspils.citro.lv\/veikals\/garsviela-kupinata-paprika-15g\/"},"modified":"2026-04-25T17:35:25","modified_gmt":"2026-04-25T14:35:25","slug":"garsviela-kupinata-paprika-15g","status":"publish","type":"product","link":"https:\/\/ventspils.citro.lv\/ru\/veikals\/garsviela-kupinata-paprika-15g\/","title":{"rendered":"Gar\u0161viela k\u016bpin\u0101t\u0101 paprika 15g"},"content":{"rendered":"","protected":false},"excerpt":{"rendered":"<p>32.67 \u20ac\/kg<\/p>\n","protected":false},"featured_media":1225443,"template":"","meta":{"_acf_changed":false,"inline_featured_image":false},"product_cat":[116,165],"product_tag":[],"acf":[],"aioseo_notices":[],"_links":{"self":[{"href":"https:\/\/ventspils.citro.lv\/ru\/wp-json\/wp\/v2\/product\/374814"}],"collection":[{"href":"https:\/\/ventspils.citro.lv\/ru\/wp-json\/wp\/v2\/product"}],"about":[{"href":"https:\/\/ventspils.citro.lv\/ru\/wp-json\/wp\/v2\/types\/product"}],"wp:featuredmedia":[{"embeddable":true,"href":"https:\/\/ventspils.citro.lv\/ru\/wp-json\/wp\/v2\/media\/1225443"}],"wp:attachment":[{"href":"https:\/\/ventspils.citro.lv\/ru\/wp-json\/wp\/v2\/media?parent=374814"}],"wp:term":[{"taxonomy":"product_cat","embeddable":true,"href":"https:\/\/ventspils.citro.lv\/ru\/wp-json\/wp\/v2\/product_cat?post=374814"},{"taxonomy":"product_tag","embeddable":true,"href":"https:\/\/ventspils.citro.lv\/ru\/wp-json\/wp\/v2\/product_tag?post=374814"}],"curies":[{"name":"wp","href":"https:\/\/api.w.org\/{rel}","templated":true}]}}