{"id":374795,"date":"2026-04-08T05:09:39","date_gmt":"2026-04-08T02:09:39","guid":{"rendered":"https:\/\/ventspils.citro.lv\/veikals\/prjaniki-ar-dzervenes-garsas-pildijumu-300g\/"},"modified":"2026-04-28T14:09:09","modified_gmt":"2026-04-28T11:09:09","slug":"prjaniki-ar-dzervenu-garsas-pildijumu-300g","status":"publish","type":"product","link":"https:\/\/ventspils.citro.lv\/ru\/veikals\/prjaniki-ar-dzervenu-garsas-pildijumu-300g\/","title":{"rendered":"Prja\u0146iki ar dz\u0113rve\u0146u gar\u0161as pild\u012bjumu 300g"},"content":{"rendered":"","protected":false},"excerpt":{"rendered":"<p>5.30 \u20ac\/kg<\/p>\n","protected":false},"featured_media":1241080,"template":"","meta":{"_acf_changed":false,"inline_featured_image":false},"product_cat":[125,139],"product_tag":[],"acf":[],"aioseo_notices":[],"_links":{"self":[{"href":"https:\/\/ventspils.citro.lv\/ru\/wp-json\/wp\/v2\/product\/374795"}],"collection":[{"href":"https:\/\/ventspils.citro.lv\/ru\/wp-json\/wp\/v2\/product"}],"about":[{"href":"https:\/\/ventspils.citro.lv\/ru\/wp-json\/wp\/v2\/types\/product"}],"wp:featuredmedia":[{"embeddable":true,"href":"https:\/\/ventspils.citro.lv\/ru\/wp-json\/wp\/v2\/media\/1241080"}],"wp:attachment":[{"href":"https:\/\/ventspils.citro.lv\/ru\/wp-json\/wp\/v2\/media?parent=374795"}],"wp:term":[{"taxonomy":"product_cat","embeddable":true,"href":"https:\/\/ventspils.citro.lv\/ru\/wp-json\/wp\/v2\/product_cat?post=374795"},{"taxonomy":"product_tag","embeddable":true,"href":"https:\/\/ventspils.citro.lv\/ru\/wp-json\/wp\/v2\/product_tag?post=374795"}],"curies":[{"name":"wp","href":"https:\/\/api.w.org\/{rel}","templated":true}]}}