{"id":374785,"date":"2026-05-02T01:21:59","date_gmt":"2026-05-01T22:21:59","guid":{"rendered":"https:\/\/ventspils.citro.lv\/veikals\/vafele-ar-sok-garsas-krema-pild-un-lazdu-riekstu-gab-33g\/"},"modified":"2026-05-02T01:22:03","modified_gmt":"2026-05-01T22:22:03","slug":"vafele-ar-sok-garsas-krema-pild-un-lazdu-riekstu-gab-33g","status":"publish","type":"product","link":"https:\/\/ventspils.citro.lv\/ru\/veikals\/vafele-ar-sok-garsas-krema-pild-un-lazdu-riekstu-gab-33g\/","title":{"rendered":"Vafele ar \u0161ok. gar\u0161as kr\u0113ma pild. un lazdu riekstu gab.33g"},"content":{"rendered":"","protected":false},"excerpt":{"rendered":"<p>13.64 \u20ac\/kg<\/p>\n","protected":false},"featured_media":1255582,"template":"","meta":{"_acf_changed":false,"inline_featured_image":false},"product_cat":[125,209],"product_tag":[],"acf":[],"aioseo_notices":[],"_links":{"self":[{"href":"https:\/\/ventspils.citro.lv\/ru\/wp-json\/wp\/v2\/product\/374785"}],"collection":[{"href":"https:\/\/ventspils.citro.lv\/ru\/wp-json\/wp\/v2\/product"}],"about":[{"href":"https:\/\/ventspils.citro.lv\/ru\/wp-json\/wp\/v2\/types\/product"}],"wp:featuredmedia":[{"embeddable":true,"href":"https:\/\/ventspils.citro.lv\/ru\/wp-json\/wp\/v2\/media\/1255582"}],"wp:attachment":[{"href":"https:\/\/ventspils.citro.lv\/ru\/wp-json\/wp\/v2\/media?parent=374785"}],"wp:term":[{"taxonomy":"product_cat","embeddable":true,"href":"https:\/\/ventspils.citro.lv\/ru\/wp-json\/wp\/v2\/product_cat?post=374785"},{"taxonomy":"product_tag","embeddable":true,"href":"https:\/\/ventspils.citro.lv\/ru\/wp-json\/wp\/v2\/product_tag?post=374785"}],"curies":[{"name":"wp","href":"https:\/\/api.w.org\/{rel}","templated":true}]}}