{"id":374774,"date":"2026-04-24T09:06:45","date_gmt":"2026-04-24T06:06:45","guid":{"rendered":"https:\/\/ventspils.citro.lv\/veikals\/vafeles-wafers-ar-sokolades-pildijumu-roshen-216g\/"},"modified":"2026-04-24T09:06:50","modified_gmt":"2026-04-24T06:06:50","slug":"vafeles-wafers-ar-sokolades-pildijumu-roshen-216g","status":"publish","type":"product","link":"https:\/\/ventspils.citro.lv\/ru\/veikals\/vafeles-wafers-ar-sokolades-pildijumu-roshen-216g\/","title":{"rendered":"Vafeles Wafers ar \u0161okol\u0101des pild\u012bjumu Roshen 216g"},"content":{"rendered":"","protected":false},"excerpt":{"rendered":"<p>6.90 \u20ac\/kg<\/p>\n","protected":false},"featured_media":1252740,"template":"","meta":{"_acf_changed":false,"inline_featured_image":false},"product_cat":[125,209],"product_tag":[],"acf":[],"aioseo_notices":[],"_links":{"self":[{"href":"https:\/\/ventspils.citro.lv\/ru\/wp-json\/wp\/v2\/product\/374774"}],"collection":[{"href":"https:\/\/ventspils.citro.lv\/ru\/wp-json\/wp\/v2\/product"}],"about":[{"href":"https:\/\/ventspils.citro.lv\/ru\/wp-json\/wp\/v2\/types\/product"}],"wp:featuredmedia":[{"embeddable":true,"href":"https:\/\/ventspils.citro.lv\/ru\/wp-json\/wp\/v2\/media\/1252740"}],"wp:attachment":[{"href":"https:\/\/ventspils.citro.lv\/ru\/wp-json\/wp\/v2\/media?parent=374774"}],"wp:term":[{"taxonomy":"product_cat","embeddable":true,"href":"https:\/\/ventspils.citro.lv\/ru\/wp-json\/wp\/v2\/product_cat?post=374774"},{"taxonomy":"product_tag","embeddable":true,"href":"https:\/\/ventspils.citro.lv\/ru\/wp-json\/wp\/v2\/product_tag?post=374774"}],"curies":[{"name":"wp","href":"https:\/\/api.w.org\/{rel}","templated":true}]}}