{"id":374751,"date":"2026-03-12T05:43:00","date_gmt":"2026-03-12T03:43:00","guid":{"rendered":"https:\/\/ventspils.citro.lv\/veikals\/udens-via-avota-gazets-1-5l\/"},"modified":"2026-04-26T14:15:46","modified_gmt":"2026-04-26T11:15:46","slug":"udens-via-avota-gazets-1-5l","status":"publish","type":"product","link":"https:\/\/ventspils.citro.lv\/ru\/veikals\/udens-via-avota-gazets-1-5l\/","title":{"rendered":"\u016adens Via avota g\u0101z\u0113ts 1.5l"},"content":{"rendered":"","protected":false},"excerpt":{"rendered":"<p>0.29 \u20ac\/l<\/p>\n","protected":false},"featured_media":1224252,"template":"","meta":{"_acf_changed":false,"inline_featured_image":false},"product_cat":[106,186],"product_tag":[],"acf":[],"aioseo_notices":[],"_links":{"self":[{"href":"https:\/\/ventspils.citro.lv\/ru\/wp-json\/wp\/v2\/product\/374751"}],"collection":[{"href":"https:\/\/ventspils.citro.lv\/ru\/wp-json\/wp\/v2\/product"}],"about":[{"href":"https:\/\/ventspils.citro.lv\/ru\/wp-json\/wp\/v2\/types\/product"}],"wp:featuredmedia":[{"embeddable":true,"href":"https:\/\/ventspils.citro.lv\/ru\/wp-json\/wp\/v2\/media\/1224252"}],"wp:attachment":[{"href":"https:\/\/ventspils.citro.lv\/ru\/wp-json\/wp\/v2\/media?parent=374751"}],"wp:term":[{"taxonomy":"product_cat","embeddable":true,"href":"https:\/\/ventspils.citro.lv\/ru\/wp-json\/wp\/v2\/product_cat?post=374751"},{"taxonomy":"product_tag","embeddable":true,"href":"https:\/\/ventspils.citro.lv\/ru\/wp-json\/wp\/v2\/product_tag?post=374751"}],"curies":[{"name":"wp","href":"https:\/\/api.w.org\/{rel}","templated":true}]}}