{"id":374742,"date":"2026-05-12T06:54:48","date_gmt":"2026-05-12T03:54:48","guid":{"rendered":"https:\/\/ventspils.citro.lv\/veikals\/konfektes-ledenes-chch-mini-the-best-of-mais-120g\/"},"modified":"2026-05-12T06:54:59","modified_gmt":"2026-05-12T03:54:59","slug":"konfektes-ledenes-chch-mini-the-best-of-mais-120g","status":"publish","type":"product","link":"https:\/\/ventspils.citro.lv\/ru\/veikals\/konfektes-ledenes-chch-mini-the-best-of-mais-120g\/","title":{"rendered":"Konfektes ledenes Chch mini the best of mais.120g"},"content":{"rendered":"<p>Sast\u0101vda\u013cas: (aug\u013cu gar\u0161\u0101m): cukurs, glikozes s\u012brups, aug\u013cu biezenis (\u0101bols, \u0137irsis, avenes, anan\u0101ss, laims, citrons, zemenes, persiks, ban\u0101ns, apels\u012bns, mellenes, kazenes, mango, arb\u016bzs, kivi) (3%), sk\u0101bes (piensk\u0101be, \u0101bolsk\u0101be, citronsk\u0101be), C vitam\u012bns (n\u0101trija L-askorb\u0101ts), aromatiz\u0113t\u0101ji, koncentr\u0101ti (bietes, saflora, citrons, spirul\u012bna), paprikas e\u013c\u013cas ekstrakts. Sast\u0101vda\u013cas (kolas gar\u0161ai): cukurs, glikozes s\u012brups, sk\u0101bes (piensk\u0101be, \u0101bolsk\u0101be, citronsk\u0101be), karameliz\u0113ts cukura s\u012brups, C vitam\u012bns (n\u0101trija L-askorb\u0101ts), aromatiz\u0113t\u0101ji.<\/p>\n","protected":false},"excerpt":{"rendered":"<p>26.58 \u20ac\/kg<\/p>\n","protected":false},"featured_media":1259530,"template":"","meta":{"_acf_changed":false,"inline_featured_image":false},"product_cat":[533,125],"product_tag":[],"acf":[],"aioseo_notices":[],"_links":{"self":[{"href":"https:\/\/ventspils.citro.lv\/ru\/wp-json\/wp\/v2\/product\/374742"}],"collection":[{"href":"https:\/\/ventspils.citro.lv\/ru\/wp-json\/wp\/v2\/product"}],"about":[{"href":"https:\/\/ventspils.citro.lv\/ru\/wp-json\/wp\/v2\/types\/product"}],"wp:featuredmedia":[{"embeddable":true,"href":"https:\/\/ventspils.citro.lv\/ru\/wp-json\/wp\/v2\/media\/1259530"}],"wp:attachment":[{"href":"https:\/\/ventspils.citro.lv\/ru\/wp-json\/wp\/v2\/media?parent=374742"}],"wp:term":[{"taxonomy":"product_cat","embeddable":true,"href":"https:\/\/ventspils.citro.lv\/ru\/wp-json\/wp\/v2\/product_cat?post=374742"},{"taxonomy":"product_tag","embeddable":true,"href":"https:\/\/ventspils.citro.lv\/ru\/wp-json\/wp\/v2\/product_tag?post=374742"}],"curies":[{"name":"wp","href":"https:\/\/api.w.org\/{rel}","templated":true}]}}