{"id":374741,"date":"2026-03-18T04:30:45","date_gmt":"2026-03-18T02:30:45","guid":{"rendered":"https:\/\/ventspils.citro.lv\/veikals\/konfektes-ledenes-chch-milky-12g\/"},"modified":"2026-03-18T04:30:50","modified_gmt":"2026-03-18T02:30:50","slug":"konfektes-ledenes-chch-milky-12g","status":"publish","type":"product","link":"https:\/\/ventspils.citro.lv\/ru\/veikals\/konfektes-ledenes-chch-milky-12g\/","title":{"rendered":"Konfektes ledenes Chch milky 12g"},"content":{"rendered":"<p>Kr\u0113juma gar\u0161ai : cukurs, glikozes s\u012brups, S\u016aKALU perme\u0101ts, aug\u013cu biezenis (\u0101bols,\u0137irsis, avenes, anan\u0101ss, laims, citrons, zemenes, persiks, ban\u0101ns, apels\u012bns, mellenes, kazenes,mango, arb\u016bzs,kivi)(3%),PILNPIENA pulveris (1,6%), sk\u0101bes (piensk\u0101be,\u0101bolsk\u0101be, citronsk\u0101be), kakao sviests, koncentr\u0101ti (bietes, saflora, red\u012bsi, \u0101boli, saldie k\u0101rtupe\u013ci, \u0137ir\u0161i, citroni), aromatiz\u0113t\u0101ji. Sast\u0101vda\u013cas (kako-vani\u013cas un vani\u013cas gar\u0161ai): cukurs, glikozes s\u012brups, S\u016aKALU perme\u0101ts, PILNPIENA pulveris (2%), kakao masa, kakao sviests, aromatiz\u0113t\u0101ji , koncentr\u0101ti( saflora, citrons)<\/p>\n","protected":false},"excerpt":{"rendered":"<p>32.50 \u20ac\/kg<\/p>\n","protected":false},"featured_media":1228401,"template":"","meta":{"_acf_changed":false,"inline_featured_image":false},"product_cat":[533,125],"product_tag":[],"acf":[],"aioseo_notices":[],"_links":{"self":[{"href":"https:\/\/ventspils.citro.lv\/ru\/wp-json\/wp\/v2\/product\/374741"}],"collection":[{"href":"https:\/\/ventspils.citro.lv\/ru\/wp-json\/wp\/v2\/product"}],"about":[{"href":"https:\/\/ventspils.citro.lv\/ru\/wp-json\/wp\/v2\/types\/product"}],"wp:featuredmedia":[{"embeddable":true,"href":"https:\/\/ventspils.citro.lv\/ru\/wp-json\/wp\/v2\/media\/1228401"}],"wp:attachment":[{"href":"https:\/\/ventspils.citro.lv\/ru\/wp-json\/wp\/v2\/media?parent=374741"}],"wp:term":[{"taxonomy":"product_cat","embeddable":true,"href":"https:\/\/ventspils.citro.lv\/ru\/wp-json\/wp\/v2\/product_cat?post=374741"},{"taxonomy":"product_tag","embeddable":true,"href":"https:\/\/ventspils.citro.lv\/ru\/wp-json\/wp\/v2\/product_tag?post=374741"}],"curies":[{"name":"wp","href":"https:\/\/api.w.org\/{rel}","templated":true}]}}