{"id":374729,"date":"2026-04-17T01:45:42","date_gmt":"2026-04-16T22:45:42","guid":{"rendered":"https:\/\/ventspils.citro.lv\/veikals\/cipsi-adazu-draugu-paka-ar-krejumu-un-lociniem-180g\/"},"modified":"2026-04-17T01:45:53","modified_gmt":"2026-04-16T22:45:53","slug":"cipsi-adazu-draugu-paka-ar-krejumu-un-lociniem-180g","status":"publish","type":"product","link":"https:\/\/ventspils.citro.lv\/ru\/veikals\/cipsi-adazu-draugu-paka-ar-krejumu-un-lociniem-180g\/","title":{"rendered":"\u010cipsi \u0100da\u017eu draugu paka ar kr\u0113jumu un loci\u0146iem 180g"},"content":{"rendered":"","protected":false},"excerpt":{"rendered":"<p>15.50 \u20ac\/kg<\/p>\n","protected":false},"featured_media":1246846,"template":"","meta":{"_acf_changed":false,"inline_featured_image":false},"product_cat":[125,191],"product_tag":[],"acf":[],"aioseo_notices":[],"_links":{"self":[{"href":"https:\/\/ventspils.citro.lv\/ru\/wp-json\/wp\/v2\/product\/374729"}],"collection":[{"href":"https:\/\/ventspils.citro.lv\/ru\/wp-json\/wp\/v2\/product"}],"about":[{"href":"https:\/\/ventspils.citro.lv\/ru\/wp-json\/wp\/v2\/types\/product"}],"wp:featuredmedia":[{"embeddable":true,"href":"https:\/\/ventspils.citro.lv\/ru\/wp-json\/wp\/v2\/media\/1246846"}],"wp:attachment":[{"href":"https:\/\/ventspils.citro.lv\/ru\/wp-json\/wp\/v2\/media?parent=374729"}],"wp:term":[{"taxonomy":"product_cat","embeddable":true,"href":"https:\/\/ventspils.citro.lv\/ru\/wp-json\/wp\/v2\/product_cat?post=374729"},{"taxonomy":"product_tag","embeddable":true,"href":"https:\/\/ventspils.citro.lv\/ru\/wp-json\/wp\/v2\/product_tag?post=374729"}],"curies":[{"name":"wp","href":"https:\/\/api.w.org\/{rel}","templated":true}]}}