{"id":374701,"date":"2026-03-18T04:30:03","date_gmt":"2026-03-18T02:30:03","guid":{"rendered":"https:\/\/ventspils.citro.lv\/veikals\/dzeriens-cigorinu-ar-vilkabeli-stikla-burcina-200g\/"},"modified":"2026-03-18T04:30:08","modified_gmt":"2026-03-18T02:30:08","slug":"dzeriens-cigorinu-ar-vilkabeli-stikla-burcina-200g","status":"publish","type":"product","link":"https:\/\/ventspils.citro.lv\/ru\/veikals\/dzeriens-cigorinu-ar-vilkabeli-stikla-burcina-200g\/","title":{"rendered":"Dz\u0113riens cigori\u0146u ar vilk\u0101beli stikla burci\u0146\u0101 200g"},"content":{"rendered":"","protected":false},"excerpt":{"rendered":"<p>8.45 \u20ac\/kg<\/p>\n","protected":false},"featured_media":1228392,"template":"","meta":{"_acf_changed":false,"inline_featured_image":false},"product_cat":[538,142],"product_tag":[],"acf":[],"aioseo_notices":[],"_links":{"self":[{"href":"https:\/\/ventspils.citro.lv\/ru\/wp-json\/wp\/v2\/product\/374701"}],"collection":[{"href":"https:\/\/ventspils.citro.lv\/ru\/wp-json\/wp\/v2\/product"}],"about":[{"href":"https:\/\/ventspils.citro.lv\/ru\/wp-json\/wp\/v2\/types\/product"}],"wp:featuredmedia":[{"embeddable":true,"href":"https:\/\/ventspils.citro.lv\/ru\/wp-json\/wp\/v2\/media\/1228392"}],"wp:attachment":[{"href":"https:\/\/ventspils.citro.lv\/ru\/wp-json\/wp\/v2\/media?parent=374701"}],"wp:term":[{"taxonomy":"product_cat","embeddable":true,"href":"https:\/\/ventspils.citro.lv\/ru\/wp-json\/wp\/v2\/product_cat?post=374701"},{"taxonomy":"product_tag","embeddable":true,"href":"https:\/\/ventspils.citro.lv\/ru\/wp-json\/wp\/v2\/product_tag?post=374701"}],"curies":[{"name":"wp","href":"https:\/\/api.w.org\/{rel}","templated":true}]}}