{"id":374699,"date":"2026-04-08T05:03:37","date_gmt":"2026-04-08T02:03:37","guid":{"rendered":"https:\/\/ventspils.citro.lv\/veikals\/cipsi-adazu-tomatu-130g\/"},"modified":"2026-04-08T05:03:42","modified_gmt":"2026-04-08T02:03:42","slug":"cipsi-adazu-tomatu-130g","status":"publish","type":"product","link":"https:\/\/ventspils.citro.lv\/ru\/veikals\/cipsi-adazu-tomatu-130g\/","title":{"rendered":"\u010cipsi \u0100da\u017eu tom\u0101tu 130g"},"content":{"rendered":"","protected":false},"excerpt":{"rendered":"<p>11.00 \u20ac\/kg<\/p>\n","protected":false},"featured_media":1241053,"template":"","meta":{"_acf_changed":false,"inline_featured_image":false},"product_cat":[125,191],"product_tag":[],"acf":[],"aioseo_notices":[],"_links":{"self":[{"href":"https:\/\/ventspils.citro.lv\/ru\/wp-json\/wp\/v2\/product\/374699"}],"collection":[{"href":"https:\/\/ventspils.citro.lv\/ru\/wp-json\/wp\/v2\/product"}],"about":[{"href":"https:\/\/ventspils.citro.lv\/ru\/wp-json\/wp\/v2\/types\/product"}],"wp:featuredmedia":[{"embeddable":true,"href":"https:\/\/ventspils.citro.lv\/ru\/wp-json\/wp\/v2\/media\/1241053"}],"wp:attachment":[{"href":"https:\/\/ventspils.citro.lv\/ru\/wp-json\/wp\/v2\/media?parent=374699"}],"wp:term":[{"taxonomy":"product_cat","embeddable":true,"href":"https:\/\/ventspils.citro.lv\/ru\/wp-json\/wp\/v2\/product_cat?post=374699"},{"taxonomy":"product_tag","embeddable":true,"href":"https:\/\/ventspils.citro.lv\/ru\/wp-json\/wp\/v2\/product_tag?post=374699"}],"curies":[{"name":"wp","href":"https:\/\/api.w.org\/{rel}","templated":true}]}}