{"id":374697,"date":"2026-03-28T02:18:02","date_gmt":"2026-03-28T00:18:02","guid":{"rendered":"https:\/\/ventspils.citro.lv\/veikals\/konfektes-fini-koslajama-gumija-spinner-battle-5g\/"},"modified":"2026-03-28T02:18:07","modified_gmt":"2026-03-28T00:18:07","slug":"konfektes-fini-koslajama-gumija-spinner-battle-5g","status":"publish","type":"product","link":"https:\/\/ventspils.citro.lv\/ru\/veikals\/konfektes-fini-koslajama-gumija-spinner-battle-5g\/","title":{"rendered":"Konfektes Fini ko\u0161\u013c\u0101jam\u0101 gumija Spinner Battle 5g"},"content":{"rendered":"","protected":false},"excerpt":{"rendered":"<p>46.00 \u20ac\/kg<\/p>\n","protected":false},"featured_media":1237418,"template":"","meta":{"_acf_changed":false,"inline_featured_image":false},"product_cat":[533,125],"product_tag":[],"acf":[],"aioseo_notices":[],"_links":{"self":[{"href":"https:\/\/ventspils.citro.lv\/ru\/wp-json\/wp\/v2\/product\/374697"}],"collection":[{"href":"https:\/\/ventspils.citro.lv\/ru\/wp-json\/wp\/v2\/product"}],"about":[{"href":"https:\/\/ventspils.citro.lv\/ru\/wp-json\/wp\/v2\/types\/product"}],"wp:featuredmedia":[{"embeddable":true,"href":"https:\/\/ventspils.citro.lv\/ru\/wp-json\/wp\/v2\/media\/1237418"}],"wp:attachment":[{"href":"https:\/\/ventspils.citro.lv\/ru\/wp-json\/wp\/v2\/media?parent=374697"}],"wp:term":[{"taxonomy":"product_cat","embeddable":true,"href":"https:\/\/ventspils.citro.lv\/ru\/wp-json\/wp\/v2\/product_cat?post=374697"},{"taxonomy":"product_tag","embeddable":true,"href":"https:\/\/ventspils.citro.lv\/ru\/wp-json\/wp\/v2\/product_tag?post=374697"}],"curies":[{"name":"wp","href":"https:\/\/api.w.org\/{rel}","templated":true}]}}