{"id":374684,"date":"2026-03-12T05:30:02","date_gmt":"2026-03-12T03:30:02","guid":{"rendered":"https:\/\/ventspils.citro.lv\/veikals\/mineraludens-vichy-classique-gazets-0-5l-pet-2\/"},"modified":"2026-03-12T05:30:14","modified_gmt":"2026-03-12T03:30:14","slug":"mineraludens-vichy-classique-gazets-0-5l-pet-2","status":"publish","type":"product","link":"https:\/\/ventspils.citro.lv\/ru\/veikals\/mineraludens-vichy-classique-gazets-0-5l-pet-2\/","title":{"rendered":"Miner\u0101l\u016bdens Vichy Classique g\u0101z\u0113ts 0.5l pet"},"content":{"rendered":"","protected":false},"excerpt":{"rendered":"<p>1.58 \u20ac\/l<\/p>\n","protected":false},"featured_media":1224200,"template":"","meta":{"_acf_changed":false,"inline_featured_image":false},"product_cat":[106,186],"product_tag":[],"acf":[],"aioseo_notices":[],"_links":{"self":[{"href":"https:\/\/ventspils.citro.lv\/ru\/wp-json\/wp\/v2\/product\/374684"}],"collection":[{"href":"https:\/\/ventspils.citro.lv\/ru\/wp-json\/wp\/v2\/product"}],"about":[{"href":"https:\/\/ventspils.citro.lv\/ru\/wp-json\/wp\/v2\/types\/product"}],"wp:featuredmedia":[{"embeddable":true,"href":"https:\/\/ventspils.citro.lv\/ru\/wp-json\/wp\/v2\/media\/1224200"}],"wp:attachment":[{"href":"https:\/\/ventspils.citro.lv\/ru\/wp-json\/wp\/v2\/media?parent=374684"}],"wp:term":[{"taxonomy":"product_cat","embeddable":true,"href":"https:\/\/ventspils.citro.lv\/ru\/wp-json\/wp\/v2\/product_cat?post=374684"},{"taxonomy":"product_tag","embeddable":true,"href":"https:\/\/ventspils.citro.lv\/ru\/wp-json\/wp\/v2\/product_tag?post=374684"}],"curies":[{"name":"wp","href":"https:\/\/api.w.org\/{rel}","templated":true}]}}