{"id":374653,"date":"2026-04-09T03:48:26","date_gmt":"2026-04-09T00:48:26","guid":{"rendered":"https:\/\/ventspils.citro.lv\/veikals\/mineraludens-zakumuiza-dabigs-negazets-0-756l-2\/"},"modified":"2026-04-09T03:48:36","modified_gmt":"2026-04-09T00:48:36","slug":"mineraludens-zakumuiza-dabigs-negazets-0-756l-2","status":"publish","type":"product","link":"https:\/\/ventspils.citro.lv\/ru\/veikals\/mineraludens-zakumuiza-dabigs-negazets-0-756l-2\/","title":{"rendered":"Miner\u0101l\u016bdens Za\u0137umui\u017ea dab\u012bgs neg\u0101z\u0113ts 0.756l"},"content":{"rendered":"","protected":false},"excerpt":{"rendered":"<p>1.19 \u20ac\/l<\/p>\n","protected":false},"featured_media":364061,"template":"","meta":{"_acf_changed":false,"inline_featured_image":false},"product_cat":[106,186],"product_tag":[],"acf":[],"aioseo_notices":[],"_links":{"self":[{"href":"https:\/\/ventspils.citro.lv\/ru\/wp-json\/wp\/v2\/product\/374653"}],"collection":[{"href":"https:\/\/ventspils.citro.lv\/ru\/wp-json\/wp\/v2\/product"}],"about":[{"href":"https:\/\/ventspils.citro.lv\/ru\/wp-json\/wp\/v2\/types\/product"}],"wp:featuredmedia":[{"embeddable":true,"href":"https:\/\/ventspils.citro.lv\/ru\/wp-json\/wp\/v2\/media\/364061"}],"wp:attachment":[{"href":"https:\/\/ventspils.citro.lv\/ru\/wp-json\/wp\/v2\/media?parent=374653"}],"wp:term":[{"taxonomy":"product_cat","embeddable":true,"href":"https:\/\/ventspils.citro.lv\/ru\/wp-json\/wp\/v2\/product_cat?post=374653"},{"taxonomy":"product_tag","embeddable":true,"href":"https:\/\/ventspils.citro.lv\/ru\/wp-json\/wp\/v2\/product_tag?post=374653"}],"curies":[{"name":"wp","href":"https:\/\/api.w.org\/{rel}","templated":true}]}}