{"id":374651,"date":"2026-04-10T07:30:37","date_gmt":"2026-04-10T04:30:37","guid":{"rendered":"https:\/\/ventspils.citro.lv\/veikals\/mineraludens-zakumuiza-dabigs-1-25l-2\/"},"modified":"2026-04-29T18:58:46","modified_gmt":"2026-04-29T15:58:46","slug":"mineraludens-zakumuiza-dabigs-1-25l-2","status":"publish","type":"product","link":"https:\/\/ventspils.citro.lv\/ru\/veikals\/mineraludens-zakumuiza-dabigs-1-25l-2\/","title":{"rendered":"Miner\u0101l\u016bdens Za\u0137umui\u017ea dab\u012bgs 1.25l"},"content":{"rendered":"","protected":false},"excerpt":{"rendered":"<p>0.79 \u20ac\/l<\/p>\n","protected":false},"featured_media":1243670,"template":"","meta":{"_acf_changed":false,"inline_featured_image":false},"product_cat":[106,186],"product_tag":[],"acf":[],"aioseo_notices":[],"_links":{"self":[{"href":"https:\/\/ventspils.citro.lv\/ru\/wp-json\/wp\/v2\/product\/374651"}],"collection":[{"href":"https:\/\/ventspils.citro.lv\/ru\/wp-json\/wp\/v2\/product"}],"about":[{"href":"https:\/\/ventspils.citro.lv\/ru\/wp-json\/wp\/v2\/types\/product"}],"wp:featuredmedia":[{"embeddable":true,"href":"https:\/\/ventspils.citro.lv\/ru\/wp-json\/wp\/v2\/media\/1243670"}],"wp:attachment":[{"href":"https:\/\/ventspils.citro.lv\/ru\/wp-json\/wp\/v2\/media?parent=374651"}],"wp:term":[{"taxonomy":"product_cat","embeddable":true,"href":"https:\/\/ventspils.citro.lv\/ru\/wp-json\/wp\/v2\/product_cat?post=374651"},{"taxonomy":"product_tag","embeddable":true,"href":"https:\/\/ventspils.citro.lv\/ru\/wp-json\/wp\/v2\/product_tag?post=374651"}],"curies":[{"name":"wp","href":"https:\/\/api.w.org\/{rel}","templated":true}]}}