{"id":374617,"date":"2026-03-31T03:42:38","date_gmt":"2026-03-31T00:42:38","guid":{"rendered":"https:\/\/ventspils.citro.lv\/veikals\/merce-tomatu-klasiska-kok-stavpaka-500g\/"},"modified":"2026-03-31T03:42:47","modified_gmt":"2026-03-31T00:42:47","slug":"merce-tomatu-klasiska-kok-stavpaka-500g","status":"publish","type":"product","link":"https:\/\/ventspils.citro.lv\/ru\/veikals\/merce-tomatu-klasiska-kok-stavpaka-500g\/","title":{"rendered":"M\u0113rce tom\u0101tu klasisk\u0101 Kok st\u0101vpak\u0101 500g"},"content":{"rendered":"","protected":false},"excerpt":{"rendered":"<p>3.78 \u20ac\/kg<\/p>\n","protected":false},"featured_media":1238183,"template":"","meta":{"_acf_changed":false,"inline_featured_image":false},"product_cat":[116,148],"product_tag":[],"acf":[],"aioseo_notices":[],"_links":{"self":[{"href":"https:\/\/ventspils.citro.lv\/ru\/wp-json\/wp\/v2\/product\/374617"}],"collection":[{"href":"https:\/\/ventspils.citro.lv\/ru\/wp-json\/wp\/v2\/product"}],"about":[{"href":"https:\/\/ventspils.citro.lv\/ru\/wp-json\/wp\/v2\/types\/product"}],"wp:featuredmedia":[{"embeddable":true,"href":"https:\/\/ventspils.citro.lv\/ru\/wp-json\/wp\/v2\/media\/1238183"}],"wp:attachment":[{"href":"https:\/\/ventspils.citro.lv\/ru\/wp-json\/wp\/v2\/media?parent=374617"}],"wp:term":[{"taxonomy":"product_cat","embeddable":true,"href":"https:\/\/ventspils.citro.lv\/ru\/wp-json\/wp\/v2\/product_cat?post=374617"},{"taxonomy":"product_tag","embeddable":true,"href":"https:\/\/ventspils.citro.lv\/ru\/wp-json\/wp\/v2\/product_tag?post=374617"}],"curies":[{"name":"wp","href":"https:\/\/api.w.org\/{rel}","templated":true}]}}