{"id":374591,"date":"2026-03-27T08:30:38","date_gmt":"2026-03-27T06:30:38","guid":{"rendered":"https:\/\/ventspils.citro.lv\/veikals\/sokolades-batonins-karl-fazer-crunchy-55g\/"},"modified":"2026-03-27T08:30:43","modified_gmt":"2026-03-27T06:30:43","slug":"sokolades-batonins-fazer-crunchy-55g","status":"publish","type":"product","link":"https:\/\/ventspils.citro.lv\/ru\/veikals\/sokolades-batonins-fazer-crunchy-55g\/","title":{"rendered":"\u0160okol\u0101des batoni\u0146\u0161 Fazer Crunchy 55g"},"content":{"rendered":"","protected":false},"excerpt":{"rendered":"<p>21.64 \u20ac\/kg<\/p>\n","protected":false},"featured_media":1236093,"template":"","meta":{"_acf_changed":false,"inline_featured_image":false},"product_cat":[556,125],"product_tag":[],"acf":[],"aioseo_notices":[],"_links":{"self":[{"href":"https:\/\/ventspils.citro.lv\/ru\/wp-json\/wp\/v2\/product\/374591"}],"collection":[{"href":"https:\/\/ventspils.citro.lv\/ru\/wp-json\/wp\/v2\/product"}],"about":[{"href":"https:\/\/ventspils.citro.lv\/ru\/wp-json\/wp\/v2\/types\/product"}],"wp:featuredmedia":[{"embeddable":true,"href":"https:\/\/ventspils.citro.lv\/ru\/wp-json\/wp\/v2\/media\/1236093"}],"wp:attachment":[{"href":"https:\/\/ventspils.citro.lv\/ru\/wp-json\/wp\/v2\/media?parent=374591"}],"wp:term":[{"taxonomy":"product_cat","embeddable":true,"href":"https:\/\/ventspils.citro.lv\/ru\/wp-json\/wp\/v2\/product_cat?post=374591"},{"taxonomy":"product_tag","embeddable":true,"href":"https:\/\/ventspils.citro.lv\/ru\/wp-json\/wp\/v2\/product_tag?post=374591"}],"curies":[{"name":"wp","href":"https:\/\/api.w.org\/{rel}","templated":true}]}}