{"id":37457,"date":"2026-04-18T00:57:17","date_gmt":"2026-04-17T21:57:17","guid":{"rendered":"https:\/\/ventspils.citro.lv\/?post_type=product&#038;p=37457"},"modified":"2026-04-18T00:57:29","modified_gmt":"2026-04-17T21:57:29","slug":"pipari-sarkanie-zalie-asie-sk-spanija","status":"publish","type":"product","link":"https:\/\/ventspils.citro.lv\/ru\/veikals\/pipari-sarkanie-zalie-asie-sk-spanija\/","title":{"rendered":"Pipari sarkanie, za\u013cie asie \u0161\u0137.Sp\u0101nija"},"content":{"rendered":"<p>Fas\u0113ts AS Di\u0101na. Uzglab\u0101t t pie +6 l\u012bdz +10 C<\/p>\n","protected":false},"excerpt":{"rendered":"<p>7.99 \u20ac\/kg<\/p>\n","protected":false},"featured_media":1246993,"template":"","meta":{"_acf_changed":false,"inline_featured_image":false},"product_cat":[97,99],"product_tag":[],"acf":[],"aioseo_notices":[],"_links":{"self":[{"href":"https:\/\/ventspils.citro.lv\/ru\/wp-json\/wp\/v2\/product\/37457"}],"collection":[{"href":"https:\/\/ventspils.citro.lv\/ru\/wp-json\/wp\/v2\/product"}],"about":[{"href":"https:\/\/ventspils.citro.lv\/ru\/wp-json\/wp\/v2\/types\/product"}],"wp:featuredmedia":[{"embeddable":true,"href":"https:\/\/ventspils.citro.lv\/ru\/wp-json\/wp\/v2\/media\/1246993"}],"wp:attachment":[{"href":"https:\/\/ventspils.citro.lv\/ru\/wp-json\/wp\/v2\/media?parent=37457"}],"wp:term":[{"taxonomy":"product_cat","embeddable":true,"href":"https:\/\/ventspils.citro.lv\/ru\/wp-json\/wp\/v2\/product_cat?post=37457"},{"taxonomy":"product_tag","embeddable":true,"href":"https:\/\/ventspils.citro.lv\/ru\/wp-json\/wp\/v2\/product_tag?post=37457"}],"curies":[{"name":"wp","href":"https:\/\/api.w.org\/{rel}","templated":true}]}}